{"id":1258,"date":"2022-05-22T21:56:02","date_gmt":"2022-05-23T00:56:02","guid":{"rendered":"https:\/\/www.granlogiaregularargentina.org\/glra\/?page_id=1258"},"modified":"2022-05-22T21:56:02","modified_gmt":"2022-05-23T00:56:02","slug":"membresias-2","status":"publish","type":"page","link":"https:\/\/www.granlogiaregularargentina.org\/glra\/membresias-2\/","title":{"rendered":"Membres\u00edas"},"content":{"rendered":"\n<figure class=\"wp-block-image size-large\"><img loading=\"lazy\" decoding=\"async\" width=\"1024\" height=\"245\" src=\"https:\/\/www.granlogiaregularargentina.org\/glra\/wp-content\/uploads\/2021\/03\/cropped-cropped-IMG-20210325-WA0057-1-1024x245.jpg\" alt=\"\" class=\"wp-image-1243\" srcset=\"https:\/\/www.granlogiaregularargentina.org\/glra\/wp-content\/uploads\/2021\/03\/cropped-cropped-IMG-20210325-WA0057-1-1024x245.jpg 1024w, https:\/\/www.granlogiaregularargentina.org\/glra\/wp-content\/uploads\/2021\/03\/cropped-cropped-IMG-20210325-WA0057-1-300x72.jpg 300w, https:\/\/www.granlogiaregularargentina.org\/glra\/wp-content\/uploads\/2021\/03\/cropped-cropped-IMG-20210325-WA0057-1-768x184.jpg 768w, https:\/\/www.granlogiaregularargentina.org\/glra\/wp-content\/uploads\/2021\/03\/cropped-cropped-IMG-20210325-WA0057-1-1536x367.jpg 1536w, https:\/\/www.granlogiaregularargentina.org\/glra\/wp-content\/uploads\/2021\/03\/cropped-cropped-IMG-20210325-WA0057-1.jpg 2000w\" sizes=\"auto, (max-width: 1024px) 100vw, 1024px\" \/><\/figure>\n\n\n\n<h2 class=\"wp-block-heading\">El Magno Colegio de Ritos propicia la participaci\u00f3n en Organizaciones Mas\u00f3nicas Confederativas de car\u00e1cter nacional e internacional<\/h2>\n","protected":false},"excerpt":{"rendered":"<p>El Magno Colegio de Ritos propicia la participaci\u00f3n en Organizaciones Mas\u00f3nicas Confederativas de car\u00e1cter nacional e internacional<\/p>\n","protected":false},"author":1,"featured_media":0,"parent":0,"menu_order":0,"comment_status":"closed","ping_status":"closed","template":"","meta":{"footnotes":""},"class_list":["post-1258","page","type-page","status-publish","hentry"],"_links":{"self":[{"href":"https:\/\/www.granlogiaregularargentina.org\/glra\/wp-json\/wp\/v2\/pages\/1258","targetHints":{"allow":["GET"]}}],"collection":[{"href":"https:\/\/www.granlogiaregularargentina.org\/glra\/wp-json\/wp\/v2\/pages"}],"about":[{"href":"https:\/\/www.granlogiaregularargentina.org\/glra\/wp-json\/wp\/v2\/types\/page"}],"author":[{"embeddable":true,"href":"https:\/\/www.granlogiaregularargentina.org\/glra\/wp-json\/wp\/v2\/users\/1"}],"replies":[{"embeddable":true,"href":"https:\/\/www.granlogiaregularargentina.org\/glra\/wp-json\/wp\/v2\/comments?post=1258"}],"version-history":[{"count":1,"href":"https:\/\/www.granlogiaregularargentina.org\/glra\/wp-json\/wp\/v2\/pages\/1258\/revisions"}],"predecessor-version":[{"id":1260,"href":"https:\/\/www.granlogiaregularargentina.org\/glra\/wp-json\/wp\/v2\/pages\/1258\/revisions\/1260"}],"wp:attachment":[{"href":"https:\/\/www.granlogiaregularargentina.org\/glra\/wp-json\/wp\/v2\/media?parent=1258"}],"curies":[{"name":"wp","href":"https:\/\/api.w.org\/{rel}","templated":true}]}}