{"id":1266,"date":"2022-05-22T22:11:27","date_gmt":"2022-05-23T01:11:27","guid":{"rendered":"https:\/\/www.granlogiaregularargentina.org\/glra\/?page_id=1266"},"modified":"2022-05-22T22:11:27","modified_gmt":"2022-05-23T01:11:27","slug":"umm","status":"publish","type":"page","link":"https:\/\/www.granlogiaregularargentina.org\/glra\/umm\/","title":{"rendered":"UMM"},"content":{"rendered":"\n<figure class=\"wp-block-gallery columns-2 is-cropped wp-block-gallery-1 is-layout-flex wp-block-gallery-is-layout-flex\"><ul class=\"blocks-gallery-grid\"><li class=\"blocks-gallery-item\"><figure><img loading=\"lazy\" decoding=\"async\" width=\"640\" height=\"640\" src=\"https:\/\/www.granlogiaregularargentina.org\/glra\/wp-content\/uploads\/2021\/03\/UMM-SSGGIIGG.jpg\" alt=\"\" data-id=\"904\" data-full-url=\"https:\/\/www.granlogiaregularargentina.org\/glra\/wp-content\/uploads\/2021\/03\/UMM-SSGGIIGG.jpg\" data-link=\"https:\/\/www.granlogiaregularargentina.org\/glra\/membresia-sc\/umm-ssggiigg\/\" class=\"wp-image-904\" srcset=\"https:\/\/www.granlogiaregularargentina.org\/glra\/wp-content\/uploads\/2021\/03\/UMM-SSGGIIGG.jpg 640w, https:\/\/www.granlogiaregularargentina.org\/glra\/wp-content\/uploads\/2021\/03\/UMM-SSGGIIGG-300x300.jpg 300w, https:\/\/www.granlogiaregularargentina.org\/glra\/wp-content\/uploads\/2021\/03\/UMM-SSGGIIGG-150x150.jpg 150w\" sizes=\"auto, (max-width: 640px) 100vw, 640px\" \/><figcaption class=\"blocks-gallery-item__caption\">UMM<\/figcaption><\/figure><\/li><li class=\"blocks-gallery-item\"><figure><img loading=\"lazy\" decoding=\"async\" width=\"640\" height=\"640\" src=\"https:\/\/www.granlogiaregularargentina.org\/glra\/wp-content\/uploads\/2021\/03\/UMM-Arg.jpg\" alt=\"\" data-id=\"905\" data-full-url=\"https:\/\/www.granlogiaregularargentina.org\/glra\/wp-content\/uploads\/2021\/03\/UMM-Arg.jpg\" data-link=\"https:\/\/www.granlogiaregularargentina.org\/glra\/membresia-sc\/umm-arg\/\" class=\"wp-image-905\" srcset=\"https:\/\/www.granlogiaregularargentina.org\/glra\/wp-content\/uploads\/2021\/03\/UMM-Arg.jpg 640w, https:\/\/www.granlogiaregularargentina.org\/glra\/wp-content\/uploads\/2021\/03\/UMM-Arg-300x300.jpg 300w, https:\/\/www.granlogiaregularargentina.org\/glra\/wp-content\/uploads\/2021\/03\/UMM-Arg-150x150.jpg 150w\" sizes=\"auto, (max-width: 640px) 100vw, 640px\" \/><figcaption class=\"blocks-gallery-item__caption\">Secci\u00f3n Argentina<\/figcaption><\/figure><\/li><\/ul><\/figure>\n\n\n\n<h2 class=\"wp-block-heading\">Uni\u00f3n Mas\u00f3nica Mundial de SS:. GG:. II:. GG:. <\/h2>\n\n\n\n<p>  A trav\u00e9s de un Tratado con la Uni\u00f3n Mas\u00f3nica Mundial de SS:. GG:. II:. GG:.  los bic\u00e9falos de nuestro S:. C:. Grado 33\u00ba forman parte de la misma. <\/p>\n\n\n\n<p>Actualmente est\u00e1 presidida por nuestro M:. I:. y P:. H:. Richard Da Silva 3\u00ba 9\u00ba 33\u00ba, Soberano Gran Comendador y Presidente de nuestro Magno Colegio de Ritos Francmas\u00f3nicos.<\/p>\n\n\n\n<figure class=\"wp-block-embed is-type-wp-embed is-provider-sitio-oficial wp-block-embed-sitio-oficial\"><div class=\"wp-block-embed__wrapper\">\nhttps:\/\/unionmasonicamundial.org\/umm\/\n<\/div><\/figure>\n","protected":false},"excerpt":{"rendered":"<p>Uni\u00f3n Mas\u00f3nica Mundial de SS:. GG:. II:. GG:. A trav\u00e9s de un Tratado con la Uni\u00f3n Mas\u00f3nica Mundial de SS:. GG:. II:. GG:. los bic\u00e9falos de nuestro S:. C:. Grado 33\u00ba forman parte de la misma. Actualmente est\u00e1 presidida por nuestro M:. I:. y P:. H:. Richard Da Silva 3\u00ba 9\u00ba 33\u00ba, Soberano Gran Comendador [&hellip;]<\/p>\n","protected":false},"author":1,"featured_media":0,"parent":0,"menu_order":0,"comment_status":"closed","ping_status":"closed","template":"","meta":{"footnotes":""},"class_list":["post-1266","page","type-page","status-publish","hentry"],"_links":{"self":[{"href":"https:\/\/www.granlogiaregularargentina.org\/glra\/wp-json\/wp\/v2\/pages\/1266","targetHints":{"allow":["GET"]}}],"collection":[{"href":"https:\/\/www.granlogiaregularargentina.org\/glra\/wp-json\/wp\/v2\/pages"}],"about":[{"href":"https:\/\/www.granlogiaregularargentina.org\/glra\/wp-json\/wp\/v2\/types\/page"}],"author":[{"embeddable":true,"href":"https:\/\/www.granlogiaregularargentina.org\/glra\/wp-json\/wp\/v2\/users\/1"}],"replies":[{"embeddable":true,"href":"https:\/\/www.granlogiaregularargentina.org\/glra\/wp-json\/wp\/v2\/comments?post=1266"}],"version-history":[{"count":1,"href":"https:\/\/www.granlogiaregularargentina.org\/glra\/wp-json\/wp\/v2\/pages\/1266\/revisions"}],"predecessor-version":[{"id":1268,"href":"https:\/\/www.granlogiaregularargentina.org\/glra\/wp-json\/wp\/v2\/pages\/1266\/revisions\/1268"}],"wp:attachment":[{"href":"https:\/\/www.granlogiaregularargentina.org\/glra\/wp-json\/wp\/v2\/media?parent=1266"}],"curies":[{"name":"wp","href":"https:\/\/api.w.org\/{rel}","templated":true}]}}