{"id":1287,"date":"2022-05-25T20:45:28","date_gmt":"2022-05-25T23:45:28","guid":{"rendered":"https:\/\/www.granlogiaregularargentina.org\/glra\/?page_id=1287"},"modified":"2023-12-10T10:40:44","modified_gmt":"2023-12-10T13:40:44","slug":"academia","status":"publish","type":"page","link":"https:\/\/www.granlogiaregularargentina.org\/glra\/academia\/","title":{"rendered":"Academia"},"content":{"rendered":"<div class=\"wp-block-image\">\n<figure class=\"aligncenter size-large\"><img loading=\"lazy\" decoding=\"async\" width=\"1024\" height=\"245\" src=\"https:\/\/www.granlogiaregularargentina.org\/glra\/wp-content\/uploads\/2021\/03\/cropped-cropped-IMG-20210325-WA0057-1-1024x245.jpg\" alt=\"\" class=\"wp-image-1243\" srcset=\"https:\/\/www.granlogiaregularargentina.org\/glra\/wp-content\/uploads\/2021\/03\/cropped-cropped-IMG-20210325-WA0057-1-1024x245.jpg 1024w, https:\/\/www.granlogiaregularargentina.org\/glra\/wp-content\/uploads\/2021\/03\/cropped-cropped-IMG-20210325-WA0057-1-300x72.jpg 300w, https:\/\/www.granlogiaregularargentina.org\/glra\/wp-content\/uploads\/2021\/03\/cropped-cropped-IMG-20210325-WA0057-1-768x184.jpg 768w, https:\/\/www.granlogiaregularargentina.org\/glra\/wp-content\/uploads\/2021\/03\/cropped-cropped-IMG-20210325-WA0057-1-1536x367.jpg 1536w, https:\/\/www.granlogiaregularargentina.org\/glra\/wp-content\/uploads\/2021\/03\/cropped-cropped-IMG-20210325-WA0057-1.jpg 2000w\" sizes=\"auto, (max-width: 1024px) 100vw, 1024px\" \/><figcaption class=\"wp-element-caption\"><strong>ACADEMIA DE ALTOS ESTUDIOS FILOS\u00d3FICOS Y SIMB\u00d3LICOS<\/strong><\/figcaption><\/figure>\n<\/div>\n\n\n<div class=\"wp-block-media-text alignwide is-stacked-on-mobile\" style=\"grid-template-columns:34% auto\"><figure class=\"wp-block-media-text__media\"><img loading=\"lazy\" decoding=\"async\" width=\"344\" height=\"611\" src=\"https:\/\/www.granlogiaregularargentina.org\/glra\/wp-content\/uploads\/2022\/10\/image.png\" alt=\"\" class=\"wp-image-1467 size-full\" srcset=\"https:\/\/www.granlogiaregularargentina.org\/glra\/wp-content\/uploads\/2022\/10\/image.png 344w, https:\/\/www.granlogiaregularargentina.org\/glra\/wp-content\/uploads\/2022\/10\/image-169x300.png 169w\" sizes=\"auto, (max-width: 344px) 100vw, 344px\" \/><\/figure><div class=\"wp-block-media-text__content\">\n<p>La <strong>Gran Logia Regular Argentina por la Igualdad y Libertad de la Humanidad<\/strong> funciona bajo los auspicios del <strong>Magno Colegio de Ritos Francmas\u00f3nicos<\/strong> perteneciente a la <strong>ACADEMIA DE ALTOS ESTUDIOS FILOS\u00d3FICOS Y SIMB\u00d3LICOS<\/strong>, constituida ante Escribana P\u00fablica y otorgada por IGJ. <\/p>\n\n\n\n<p><a href=\"https:\/\/filosofiaysimbolismo.org.ar\/aaefs\/\">https:\/\/filosofiaysimbolismo.org.ar\/aaefs\/<\/a><\/p>\n\n\n\n<p>Res. IGJ: 1323 \/ ACAAFS N\u00b0 2585\/3AC<\/p>\n\n\n\n<figure class=\"wp-block-image size-full\"><img loading=\"lazy\" decoding=\"async\" width=\"730\" height=\"370\" src=\"https:\/\/www.granlogiaregularargentina.org\/glra\/wp-content\/uploads\/2022\/12\/image.png\" alt=\"\" class=\"wp-image-1496\" srcset=\"https:\/\/www.granlogiaregularargentina.org\/glra\/wp-content\/uploads\/2022\/12\/image.png 730w, https:\/\/www.granlogiaregularargentina.org\/glra\/wp-content\/uploads\/2022\/12\/image-300x152.png 300w\" sizes=\"auto, (max-width: 730px) 100vw, 730px\" \/><figcaption class=\"wp-element-caption\"><strong><a href=\"https:\/\/www.granlogiaregularargentina.org\/glra\/estatuto-aaesf\/\" target=\"_blank\" rel=\"noreferrer noopener\">Estatuto<\/a><\/strong><\/figcaption><\/figure>\n\n\n\n<figure class=\"wp-block-embed is-type-wp-embed is-provider-gran-logia-regular-argentina-por-la-igualdad-y-la-libertad-de-la-humanidad-magno-colegio-de-ritos-francmas-nicos wp-block-embed-gran-logia-regular-argentina-por-la-igualdad-y-la-libertad-de-la-humanidad-magno-colegio-de-ritos-francmas-nicos\"><div class=\"wp-block-embed__wrapper\">\n<blockquote class=\"wp-embedded-content\" data-secret=\"t2ypJq7fs1\"><a href=\"https:\/\/www.granlogiaregularargentina.org\/glra\/magno-colegio\/\">Magno Colegio<\/a><\/blockquote><iframe loading=\"lazy\" class=\"wp-embedded-content\" sandbox=\"allow-scripts\" security=\"restricted\" style=\"position: absolute; clip: rect(1px, 1px, 1px, 1px);\" title=\"\u00abMagno Colegio\u00bb \u2014 Gran Logia Regular Argentina por la Igualdad y la Libertad de la Humanidad - Magno Colegio de Ritos Francmas\u00f3nicos\" src=\"https:\/\/www.granlogiaregularargentina.org\/glra\/magno-colegio\/embed\/#?secret=BUnXIheUHP#?secret=t2ypJq7fs1\" data-secret=\"t2ypJq7fs1\" width=\"600\" height=\"338\" frameborder=\"0\" marginwidth=\"0\" marginheight=\"0\" scrolling=\"no\"><\/iframe>\n<\/div><\/figure>\n<\/div><\/div>\n\n\n\n<p class=\"has-text-align-center\"><a href=\"https:\/\/www.granlogiaregularargentina.org\/glra\/contacto\/\" data-type=\"URL\" data-id=\"https:\/\/www.granlogiaregularargentina.org\/glra\/contacto\/\" target=\"_blank\" rel=\"noreferrer noopener\">Contacto<\/a><\/p>\n\n\n\n<div class=\"wp-block-query is-layout-flow wp-block-query-is-layout-flow\"><ul class=\"wp-block-post-template is-layout-flow wp-block-post-template-is-layout-flow\"><li class=\"wp-block-post post-1 post type-post status-publish format-standard has-post-thumbnail hentry category-inicio\">\n<h2 class=\"wp-block-post-title\"><a href=\"https:\/\/www.granlogiaregularargentina.org\/glra\/blog\/2018\/12\/19\/bienvenidos\/\" target=\"_self\" >Bienvenidas\/os<\/a><\/h2>\n\n<figure class=\"alignwide wp-block-post-featured-image\"><a href=\"https:\/\/www.granlogiaregularargentina.org\/glra\/blog\/2018\/12\/19\/bienvenidos\/\" target=\"_self\"  ><img loading=\"lazy\" decoding=\"async\" width=\"2000\" height=\"427\" src=\"https:\/\/www.granlogiaregularargentina.org\/glra\/wp-content\/uploads\/2022\/12\/cropped-Cabecera-GLoRIALH.png\" class=\"attachment-post-thumbnail size-post-thumbnail wp-post-image\" alt=\"Bienvenidas\/os\" style=\"object-fit:cover;\" srcset=\"https:\/\/www.granlogiaregularargentina.org\/glra\/wp-content\/uploads\/2022\/12\/cropped-Cabecera-GLoRIALH.png 2000w, https:\/\/www.granlogiaregularargentina.org\/glra\/wp-content\/uploads\/2022\/12\/cropped-Cabecera-GLoRIALH-300x64.png 300w, https:\/\/www.granlogiaregularargentina.org\/glra\/wp-content\/uploads\/2022\/12\/cropped-Cabecera-GLoRIALH-1024x219.png 1024w, https:\/\/www.granlogiaregularargentina.org\/glra\/wp-content\/uploads\/2022\/12\/cropped-Cabecera-GLoRIALH-768x164.png 768w, https:\/\/www.granlogiaregularargentina.org\/glra\/wp-content\/uploads\/2022\/12\/cropped-Cabecera-GLoRIALH-1536x328.png 1536w\" sizes=\"auto, (max-width: 2000px) 100vw, 2000px\" \/><\/a><\/figure>\n\n<div class=\"wp-block-post-excerpt\"><p class=\"wp-block-post-excerpt__excerpt\">Se encuentra en el sitio de la G:. Lo:. R:. de Argentina por la Igualdad y Libertad de la Humanidad, entidad formada por personas libres y de buenas costumbres, iniciadas en la masoner\u00eda bajo estatutos y cartas regulares de la cadena universal, con Carta Patente otorgada por el&nbsp;Supremo Consiglio per l\u2019 Italia e sue Dipendenze&hellip; <\/p><\/div>\n\n\n<hr class=\"wp-block-separator has-css-opacity\"\/>\n\n\n<div class=\"wp-block-post-date\"><time datetime=\"2018-12-19T13:50:53-03:00\">19\/12\/2018<\/time><\/div>\n<\/li><li class=\"wp-block-post post-1907 post type-post status-publish format-standard has-post-thumbnail hentry category-comunicados-glra category-varias tag-ddhh tag-democracia tag-derecho-internacional tag-paz tag-por-la-paz tag-venezuela\">\n<h2 class=\"wp-block-post-title\"><a href=\"https:\/\/www.granlogiaregularargentina.org\/glra\/blog\/2026\/01\/03\/por-la-paz-la-democracia-y-la-soberania-de-venezuela\/\" target=\"_self\" >Por la Paz, la Democracia y la Soberan\u00eda de Venezuela<\/a><\/h2>\n\n<figure class=\"alignwide wp-block-post-featured-image\"><a href=\"https:\/\/www.granlogiaregularargentina.org\/glra\/blog\/2026\/01\/03\/por-la-paz-la-democracia-y-la-soberania-de-venezuela\/\" target=\"_self\"  ><img loading=\"lazy\" decoding=\"async\" width=\"1151\" height=\"647\" src=\"https:\/\/www.granlogiaregularargentina.org\/glra\/wp-content\/uploads\/2026\/01\/20240804-afp-venezuela-election-protest_col1.jpg\" class=\"attachment-post-thumbnail size-post-thumbnail wp-post-image\" alt=\"Por la Paz, la Democracia y la Soberan\u00eda de Venezuela\" style=\"object-fit:cover;\" srcset=\"https:\/\/www.granlogiaregularargentina.org\/glra\/wp-content\/uploads\/2026\/01\/20240804-afp-venezuela-election-protest_col1.jpg 1151w, https:\/\/www.granlogiaregularargentina.org\/glra\/wp-content\/uploads\/2026\/01\/20240804-afp-venezuela-election-protest_col1-300x169.jpg 300w, https:\/\/www.granlogiaregularargentina.org\/glra\/wp-content\/uploads\/2026\/01\/20240804-afp-venezuela-election-protest_col1-1024x576.jpg 1024w, https:\/\/www.granlogiaregularargentina.org\/glra\/wp-content\/uploads\/2026\/01\/20240804-afp-venezuela-election-protest_col1-768x432.jpg 768w\" sizes=\"auto, (max-width: 1151px) 100vw, 1151px\" \/><\/a><\/figure>\n\n<div class=\"wp-block-post-excerpt\"><p class=\"wp-block-post-excerpt__excerpt\">GRAN LOGIA REGULAR DE LA ARGENTINA POR LA IGUALDAD Y LA LIBERTAD DE LA HUMANIDADSECRETAR\u00cdA DE PRENSA Y COMUNICACI\u00d3N COMUNICADO OFICIAL Ante los graves acontecimientos que involucran la intervenci\u00f3n militar de los Estados Unidos de Am\u00e9rica en la Rep\u00fablica Bolivariana de Venezuela, esta Gran Logia expresa su m\u00e1s en\u00e9rgico y profundo repudio. Tal acci\u00f3n constituye&hellip; <\/p><\/div>\n\n\n<hr class=\"wp-block-separator has-css-opacity\"\/>\n\n\n<div class=\"wp-block-post-date\"><time datetime=\"2026-01-03T20:52:46-03:00\">03\/01\/2026<\/time><\/div>\n<\/li><li class=\"wp-block-post post-1902 post type-post status-publish format-standard has-post-thumbnail hentry category-comunicados-glra category-comunicados-sc33o category-in-memorian\">\n<h2 class=\"wp-block-post-title\"><a href=\"https:\/\/www.granlogiaregularargentina.org\/glra\/blog\/2025\/12\/12\/pase-a-o-e-del-q-h-nicolas-breglia\/\" target=\"_self\" >Pase a O:. E:. del Q:. H:. Nicol\u00e1s Breglia<\/a><\/h2>\n\n<figure class=\"alignwide wp-block-post-featured-image\"><a href=\"https:\/\/www.granlogiaregularargentina.org\/glra\/blog\/2025\/12\/12\/pase-a-o-e-del-q-h-nicolas-breglia\/\" target=\"_self\"  ><img loading=\"lazy\" decoding=\"async\" width=\"720\" height=\"731\" src=\"https:\/\/www.granlogiaregularargentina.org\/glra\/wp-content\/uploads\/2025\/12\/1765576359578.jpg\" class=\"attachment-post-thumbnail size-post-thumbnail wp-post-image\" alt=\"Pase a O:. E:. del Q:. H:. Nicol\u00e1s Breglia\" style=\"object-fit:cover;\" srcset=\"https:\/\/www.granlogiaregularargentina.org\/glra\/wp-content\/uploads\/2025\/12\/1765576359578.jpg 720w, https:\/\/www.granlogiaregularargentina.org\/glra\/wp-content\/uploads\/2025\/12\/1765576359578-295x300.jpg 295w\" sizes=\"auto, (max-width: 720px) 100vw, 720px\" \/><\/a><\/figure>\n\n<div class=\"wp-block-post-excerpt\"><p class=\"wp-block-post-excerpt__excerpt\">La Gran Logia Regular Argentina por la Igualdad y Libertad de la Humanidad clama D:. D:. D:. por el pase a O:. E:. del M:. R:. e I:. P:. H:. Nicolas Breglia 3\u00b033\u00b0 quien fuera G:. M:. de la G:.L:.A:. LL:. y AA:. MM:. y reconocido por su labor constructora de la Cadena Fraternal. Saludamos&hellip; <\/p><\/div>\n\n\n<hr class=\"wp-block-separator has-css-opacity\"\/>\n\n\n<div class=\"wp-block-post-date\"><time datetime=\"2025-12-12T19:20:31-03:00\">12\/12\/2025<\/time><\/div>\n<\/li><li class=\"wp-block-post post-1895 post type-post status-publish format-standard has-post-thumbnail hentry category-amra category-eventos tag-pregon-latitud-33-sur\">\n<h2 class=\"wp-block-post-title\"><a href=\"https:\/\/www.granlogiaregularargentina.org\/glra\/blog\/2025\/12\/04\/pregon-latitud-33-sur\/\" target=\"_self\" >Preg\u00f3n Latitud 33\u00b0 Sur<\/a><\/h2>\n\n<figure class=\"alignwide wp-block-post-featured-image\"><a href=\"https:\/\/www.granlogiaregularargentina.org\/glra\/blog\/2025\/12\/04\/pregon-latitud-33-sur\/\" target=\"_self\"  ><img loading=\"lazy\" decoding=\"async\" width=\"1414\" height=\"2000\" src=\"https:\/\/www.granlogiaregularargentina.org\/glra\/wp-content\/uploads\/2025\/12\/Pregon-2.png\" class=\"attachment-post-thumbnail size-post-thumbnail wp-post-image\" alt=\"Preg\u00f3n Latitud 33\u00b0 Sur\" style=\"object-fit:cover;\" srcset=\"https:\/\/www.granlogiaregularargentina.org\/glra\/wp-content\/uploads\/2025\/12\/Pregon-2.png 1414w, https:\/\/www.granlogiaregularargentina.org\/glra\/wp-content\/uploads\/2025\/12\/Pregon-2-212x300.png 212w, https:\/\/www.granlogiaregularargentina.org\/glra\/wp-content\/uploads\/2025\/12\/Pregon-2-724x1024.png 724w, https:\/\/www.granlogiaregularargentina.org\/glra\/wp-content\/uploads\/2025\/12\/Pregon-2-768x1086.png 768w, https:\/\/www.granlogiaregularargentina.org\/glra\/wp-content\/uploads\/2025\/12\/Pregon-2-1086x1536.png 1086w\" sizes=\"auto, (max-width: 1414px) 100vw, 1414px\" \/><\/a><\/figure>\n\n<div class=\"wp-block-post-excerpt\"><p class=\"wp-block-post-excerpt__excerpt\">Preg\u00f3n Latitud 33\u00b0 Sur A la Humanidad toda, en especial a la Hermandad Mas\u00f3nica de la Tierra, en los Camp:. del V:. de Mendoza, en la Latitud 33\u00ba Sur, el 22 de noviembre de 6025 V:. L:. En el punto geom\u00e9trico se\u00f1alado, representantes de diversas \u00f3rdenes, impulsados por los miembros de la&nbsp;Alianza Mas\u00f3nica de la&hellip; <\/p><\/div>\n\n\n<hr class=\"wp-block-separator has-css-opacity\"\/>\n\n\n<div class=\"wp-block-post-date\"><time datetime=\"2025-12-04T23:00:26-03:00\">04\/12\/2025<\/time><\/div>\n<\/li><\/ul><\/div>\n","protected":false},"excerpt":{"rendered":"<p>Contacto<\/p>\n","protected":false},"author":1,"featured_media":0,"parent":0,"menu_order":0,"comment_status":"closed","ping_status":"closed","template":"","meta":{"footnotes":""},"class_list":["post-1287","page","type-page","status-publish","hentry"],"_links":{"self":[{"href":"https:\/\/www.granlogiaregularargentina.org\/glra\/wp-json\/wp\/v2\/pages\/1287","targetHints":{"allow":["GET"]}}],"collection":[{"href":"https:\/\/www.granlogiaregularargentina.org\/glra\/wp-json\/wp\/v2\/pages"}],"about":[{"href":"https:\/\/www.granlogiaregularargentina.org\/glra\/wp-json\/wp\/v2\/types\/page"}],"author":[{"embeddable":true,"href":"https:\/\/www.granlogiaregularargentina.org\/glra\/wp-json\/wp\/v2\/users\/1"}],"replies":[{"embeddable":true,"href":"https:\/\/www.granlogiaregularargentina.org\/glra\/wp-json\/wp\/v2\/comments?post=1287"}],"version-history":[{"count":10,"href":"https:\/\/www.granlogiaregularargentina.org\/glra\/wp-json\/wp\/v2\/pages\/1287\/revisions"}],"predecessor-version":[{"id":1700,"href":"https:\/\/www.granlogiaregularargentina.org\/glra\/wp-json\/wp\/v2\/pages\/1287\/revisions\/1700"}],"wp:attachment":[{"href":"https:\/\/www.granlogiaregularargentina.org\/glra\/wp-json\/wp\/v2\/media?parent=1287"}],"curies":[{"name":"wp","href":"https:\/\/api.w.org\/{rel}","templated":true}]}}