{"id":1346,"date":"2022-07-22T16:29:04","date_gmt":"2022-07-22T19:29:04","guid":{"rendered":"https:\/\/www.granlogiaregularargentina.org\/glra\/?page_id=1346"},"modified":"2023-10-16T12:40:52","modified_gmt":"2023-10-16T15:40:52","slug":"rito-argentino","status":"publish","type":"page","link":"https:\/\/www.granlogiaregularargentina.org\/glra\/rito-argentino\/","title":{"rendered":"Rito Argentino"},"content":{"rendered":"\n<p><\/p>\n\n\n\n<figure class=\"wp-block-image size-full\"><img loading=\"lazy\" decoding=\"async\" width=\"940\" height=\"788\" src=\"https:\/\/www.granlogiaregularargentina.org\/glra\/wp-content\/uploads\/2022\/07\/WhatsApp-Image-2022-07-10-at-9.27.08-PM.jpeg\" alt=\"\" class=\"wp-image-1347\" srcset=\"https:\/\/www.granlogiaregularargentina.org\/glra\/wp-content\/uploads\/2022\/07\/WhatsApp-Image-2022-07-10-at-9.27.08-PM.jpeg 940w, https:\/\/www.granlogiaregularargentina.org\/glra\/wp-content\/uploads\/2022\/07\/WhatsApp-Image-2022-07-10-at-9.27.08-PM-300x251.jpeg 300w, https:\/\/www.granlogiaregularargentina.org\/glra\/wp-content\/uploads\/2022\/07\/WhatsApp-Image-2022-07-10-at-9.27.08-PM-768x644.jpeg 768w\" sizes=\"auto, (max-width: 940px) 100vw, 940px\" \/><\/figure>\n\n\n\n<p><em><strong>Masoner\u00eda Progresista &#8211; Lanzamiento Rito Argentino<\/strong><\/em><\/p>\n\n\n\n<p>Nos es grato informar la formaci\u00f3n de la Her\u00f3ica Sociedad de los 7, Supremo Consejo administrador de los grados del Rito Argentino, bajo los auspicios del Magno Colegio de Ritos Francmas\u00f3nicos de la Gran Logia Regular Argentina por la Igualdad y Libertad de la Humanidad.<\/p>\n\n\n\n<p>El Rito Argentino es una recuperaci\u00f3n de una tradici\u00f3n masoner\u00eda latinoamericana de generar su propia cosmogon\u00eda filos\u00f3fica y simb\u00f3lica. As\u00ed, existen ritos nacionales en M\u00e9xico, Brasil, Paraguay, entre otros.<\/p>\n\n\n\n<p>En esta oportunidad, se rescata la propuesta impulsada oportunamente por el Gran Oriente Argentino del Rito Azul en 1902; configurada por el Gran Oriente del Rito Argentino y desarrollada por el Gran Oriente Nacional Argentino en 1910, en el marco del Centenario de la Revoluci\u00f3n de Mayo.<\/p>\n\n\n\n<p>As\u00ed, es un desaf\u00edo y honor por parte del Magno Colegio de Ritos Francmas\u00f3nicos de la Gran Logia Regular Argentina por la Igualdad y Libertad de la Humanidad recuperar un proyecto propio y emancipatorio dentro de las tradiciones mas\u00f3nicas. Sobre el Rito podr\u00e1n consultar en la siguiente disertaci\u00f3n: <a href=\"https:\/\/youtu.be\/DR5L5Ehu6JQ\"><u>https:\/\/youtu.be\/DR5L5Ehu6JQ<\/u><\/a><\/p>\n\n\n\n<p>Los grados capitulares estar\u00e1 administrados por la Her\u00f3ica Sociedad de los 7, que como Supremo Consejo otorgar\u00e1 los grados 4 al 9, pudiendo ingresar a los estudios aquellos que tengan un grado de Maestr\u00eda en Logias Simb\u00f3licas de Potencias y Orientes que tengan Tratados de Amistad con el Magno Colegio de Ritos Francmas\u00f3nicos de la Gran Logia Regular Argentina por la Igualdad y Libertad de la Humanidad.<\/p>\n\n\n\n<p>Para mayor informaci\u00f3n, podr\u00e1n solicitar informaci\u00f3n al +5491130111733<\/p>\n\n\n\n<p>Richard Da Silva 3\u00b0 9\u00b0 33\u00b0<\/p>\n\n\n\n<p>Presidente<\/p>\n\n\n\n<p>Magno Colegio de Ritos Francmas\u00f3nicos<\/p>\n\n\n\n<figure class=\"wp-block-embed is-type-wp-embed is-provider-gran-logia-regular-argentina-por-la-igualdad-y-la-libertad-de-la-humanidad-magno-colegio-de-ritos-francmasonicos wp-block-embed-gran-logia-regular-argentina-por-la-igualdad-y-la-libertad-de-la-humanidad-magno-colegio-de-ritos-francmasonicos\"><div class=\"wp-block-embed__wrapper\">\n<blockquote class=\"wp-embedded-content\" data-secret=\"A8SX5BEP4k\"><a href=\"https:\/\/www.granlogiaregularargentina.org\/glra\/masoneria-y-el-rito-argentino\/\">Masoner\u00eda y el Rito Argentino<\/a><\/blockquote><iframe loading=\"lazy\" class=\"wp-embedded-content\" sandbox=\"allow-scripts\" security=\"restricted\" style=\"position: absolute; clip: rect(1px, 1px, 1px, 1px);\" title=\"\u00abMasoner\u00eda y el Rito Argentino\u00bb \u2014 Gran Logia Regular Argentina por la Igualdad y la Libertad de la Humanidad - Magno Colegio de Ritos Francmas\u00f3nicos\" src=\"https:\/\/www.granlogiaregularargentina.org\/glra\/masoneria-y-el-rito-argentino\/embed\/#?secret=zETyPMowND#?secret=A8SX5BEP4k\" data-secret=\"A8SX5BEP4k\" width=\"600\" height=\"338\" frameborder=\"0\" marginwidth=\"0\" marginheight=\"0\" scrolling=\"no\"><\/iframe>\n<\/div><\/figure>\n\n\n\n<figure class=\"wp-block-image size-large is-resized\"><img loading=\"lazy\" decoding=\"async\" width=\"873\" height=\"1024\" src=\"https:\/\/www.granlogiaregularargentina.org\/glra\/wp-content\/uploads\/2023\/10\/Screenshot_20231014-142133-828-873x1024.png\" alt=\"\" class=\"wp-image-1668\" style=\"aspect-ratio:0.8525390625;width:388px;height:auto\" srcset=\"https:\/\/www.granlogiaregularargentina.org\/glra\/wp-content\/uploads\/2023\/10\/Screenshot_20231014-142133-828-873x1024.png 873w, https:\/\/www.granlogiaregularargentina.org\/glra\/wp-content\/uploads\/2023\/10\/Screenshot_20231014-142133-828-256x300.png 256w, https:\/\/www.granlogiaregularargentina.org\/glra\/wp-content\/uploads\/2023\/10\/Screenshot_20231014-142133-828-768x900.png 768w, https:\/\/www.granlogiaregularargentina.org\/glra\/wp-content\/uploads\/2023\/10\/Screenshot_20231014-142133-828.png 1033w\" sizes=\"auto, (max-width: 873px) 100vw, 873px\" \/><\/figure>\n","protected":false},"excerpt":{"rendered":"<p>Masoner\u00eda Progresista &#8211; Lanzamiento Rito Argentino Nos es grato informar la formaci\u00f3n de la Her\u00f3ica Sociedad de los 7, Supremo Consejo administrador de los grados del Rito Argentino, bajo los auspicios del Magno Colegio de Ritos Francmas\u00f3nicos de la Gran Logia Regular Argentina por la Igualdad y Libertad de la Humanidad. El Rito Argentino es [&hellip;]<\/p>\n","protected":false},"author":1,"featured_media":0,"parent":0,"menu_order":0,"comment_status":"closed","ping_status":"closed","template":"","meta":{"footnotes":""},"class_list":["post-1346","page","type-page","status-publish","hentry"],"_links":{"self":[{"href":"https:\/\/www.granlogiaregularargentina.org\/glra\/wp-json\/wp\/v2\/pages\/1346","targetHints":{"allow":["GET"]}}],"collection":[{"href":"https:\/\/www.granlogiaregularargentina.org\/glra\/wp-json\/wp\/v2\/pages"}],"about":[{"href":"https:\/\/www.granlogiaregularargentina.org\/glra\/wp-json\/wp\/v2\/types\/page"}],"author":[{"embeddable":true,"href":"https:\/\/www.granlogiaregularargentina.org\/glra\/wp-json\/wp\/v2\/users\/1"}],"replies":[{"embeddable":true,"href":"https:\/\/www.granlogiaregularargentina.org\/glra\/wp-json\/wp\/v2\/comments?post=1346"}],"version-history":[{"count":4,"href":"https:\/\/www.granlogiaregularargentina.org\/glra\/wp-json\/wp\/v2\/pages\/1346\/revisions"}],"predecessor-version":[{"id":1669,"href":"https:\/\/www.granlogiaregularargentina.org\/glra\/wp-json\/wp\/v2\/pages\/1346\/revisions\/1669"}],"wp:attachment":[{"href":"https:\/\/www.granlogiaregularargentina.org\/glra\/wp-json\/wp\/v2\/media?parent=1346"}],"curies":[{"name":"wp","href":"https:\/\/api.w.org\/{rel}","templated":true}]}}