{"id":1603,"date":"2023-05-24T21:38:45","date_gmt":"2023-05-25T00:38:45","guid":{"rendered":"https:\/\/www.granlogiaregularargentina.org\/glra\/?page_id=1603"},"modified":"2023-05-24T22:26:46","modified_gmt":"2023-05-25T01:26:46","slug":"gicp-arquitectos-de-la-democracia","status":"publish","type":"page","link":"https:\/\/www.granlogiaregularargentina.org\/glra\/gicp-arquitectos-de-la-democracia\/","title":{"rendered":"GICP &#8211; Arquitectos de la Democracia"},"content":{"rendered":"\n<figure class=\"wp-block-image size-full\"><img loading=\"lazy\" decoding=\"async\" width=\"526\" height=\"526\" src=\"https:\/\/www.granlogiaregularargentina.org\/glra\/wp-content\/uploads\/2023\/05\/Arquitectos-de-la-Democracia.jpg\" alt=\"\" class=\"wp-image-1604\" srcset=\"https:\/\/www.granlogiaregularargentina.org\/glra\/wp-content\/uploads\/2023\/05\/Arquitectos-de-la-Democracia.jpg 526w, https:\/\/www.granlogiaregularargentina.org\/glra\/wp-content\/uploads\/2023\/05\/Arquitectos-de-la-Democracia-300x300.jpg 300w, https:\/\/www.granlogiaregularargentina.org\/glra\/wp-content\/uploads\/2023\/05\/Arquitectos-de-la-Democracia-150x150.jpg 150w\" sizes=\"auto, (max-width: 526px) 100vw, 526px\" \/><\/figure>\n\n\n\n<p><strong>Arquitectos de la Democracia<\/strong><strong>&nbsp;<\/strong><\/p>\n\n\n\n<p><strong>Director\/a: Ricardo Romero&nbsp;<\/strong><\/p>\n\n\n\n<p><strong>Coordinador\/a<\/strong>: Ver\u00f3nica B\u00e1ston, Rodrigo Borges.&nbsp;<\/p>\n\n\n\n<p><strong>Contacto: <\/strong>politologoromero@gmail.com<\/p>\n\n\n\n<p><strong>\u00c1rea\/s tem\u00e1tica\/s<\/strong>: Teor\u00eda Pol\u00ectica&nbsp;<\/p>\n\n\n\n<p><strong>Descripci\u00f3n<\/strong>:&nbsp;<\/p>\n\n\n\n<p>El Grupo Arquitectos de la Democracia surge como iniciativa de Egresados y Docentes&nbsp; de la Carrera de Ciencia Pol\u00edtica que forman parte de la Academia de Altos Estudios&nbsp; Filos\u00f3ficos y Simb\u00f3licos. Su marco de estudios es la simbolog\u00eda en general y la mas\u00f3nica en particular, habiendo hecho aportes de a la reflexi\u00f3n hist\u00f3rica y pol\u00edtica, especialmente&nbsp; en la influencia en Argentina.&nbsp;<\/p>\n\n\n\n<p>Un ejemplo de la influencia mas\u00f3nica lo podemos ver en la Revoluci\u00f3n de Mayo, donde &nbsp;saber que actuaron masones no es una novedad, y es m\u00e1s, este dato no resultar\u00eda relevante &nbsp;si tenemos presente que tambi\u00e9n lo hicieron militares, intelectuales, curas o comerciantes. &nbsp;Pero si vemos la Primera Junta, siete de sus miembros pertenec\u00edan a Logias, por lo que &nbsp;resulta interesante analizar c\u00f3mo gravita la estructura de las sociedades secretas en los &nbsp;episodios de 1810. Una ruptura como la de mayo no se produce en una semana como se &nbsp;presenta a veces la epopeya en los calendarios escolares. Lo cierto es, que desde finales &nbsp;del siglo XVIII, las ideales liberales se propagaron desde las aulas universitarias, &nbsp;especialmente en Chuquisaca, a trav\u00e9s de j\u00f3venes que fueron iniciados en estas &nbsp;estructuras que adoptaban la forma organizativa de las Logias mas\u00f3nicas. Efectivamente, &nbsp;la Logia Independencia, que tiene su primera versi\u00f3n en 1785, a partir de 1801 adopta &nbsp;como forma p\u00fablica una Sociedad, llamada \u201cPatri\u00f3tica, Econ\u00f3mica y Literaria\u201d, que &nbsp;propiciar\u00eda la apertura, comercial en principio y pol\u00edtica despu\u00e9s, y generar\u00eda los v\u00ednculos &nbsp;para el desembarco de los ingleses en 1806, pero que el intento de colocar a la regi\u00f3n bajo &nbsp;la \u00f3rbita insular, fortalecer\u00eda a sectores que anhelaban avanzar hacia un nuevo r\u00e9gimen. &nbsp;De hecho, cuando Moreno escribe, en conjunto con Belgrano, La Representaci\u00f3n de los &nbsp;Hacendados, en sus l\u00edneas se pueden ver tanto el pedido de libre comercio como la &nbsp;reconversi\u00f3n estructural del sistema tributario y sobre su forma de legitimidad, o sea de &nbsp;gobierno, lo que ser\u00eda el punto de quiebre en la Primera Junta. A su vez, es claro el cambio &nbsp;de la Logia Independencia, aliada a la Sociedad de los Siete, que articula una estrategia &nbsp;plasmada en el Plan de Operaciones, donde su punto central ser\u00eda la independencia. &nbsp;Proyecto que se lograr\u00e1 consolidar con el accionar de San Mart\u00edn, tambi\u00e9n apuntalado por &nbsp;una Logia de estructura mas\u00f3nica, la Lautaro, que reorientar\u00eda el esquema de avanzar por &nbsp;el Alto Per\u00fa por el de cruzar los Andes y liberar Chile y luego ir desde el mar para lograr &nbsp;<\/p>\n\n\n\n<p>la independencia del Per\u00fa. En definitiva, si bien no se desconoce la participaci\u00f3n de &nbsp;comerciantes, militares, curas, indios, mujeres, afros o ni\u00f1os en la lucha por la libertad, &nbsp;es importante destacar el aporte organizativo e ideol\u00f3gico de los masones que marcaron &nbsp;los primeros pasos de nuestra historia como base de nuestro presente.&nbsp;<\/p>\n\n\n\n<figure class=\"wp-block-image size-full\"><img loading=\"lazy\" decoding=\"async\" width=\"50\" height=\"63\" src=\"https:\/\/www.granlogiaregularargentina.org\/glra\/wp-content\/uploads\/2023\/05\/image.png\" alt=\"\" class=\"wp-image-1605\"\/><\/figure>\n\n\n\n<p><strong>Objetivo 2023-24<\/strong><strong>&nbsp;<\/strong><\/p>\n\n\n\n<p>Nos proponemos en esta ocasi\u00f3n analizar cl\u00e1sicos de la Teor\u00eda Pol\u00edtica abordados en las&nbsp; c\u00e1tedras pertinentes en relaci\u00f3n a la pertenencia de las y los autores a la masoner\u00eda y la&nbsp; influencia de esa cosmogon\u00eda.&nbsp;<\/p>\n\n\n\n<p>Objetivos:&nbsp;<\/p>\n\n\n\n<p>\u2022 Analizar la influencia de la Masoner\u00eda en el Pensamiento Pol\u00edtico Moderno. \u2022 Relevar intelectuales vinculados a la masoner\u00eda.&nbsp;<\/p>\n\n\n\n<p>\u2022 Relacionar conceptos te\u00f3ricos de la filosof\u00eda pol\u00edtica con la cosmogon\u00eda&nbsp; Mas\u00f3nica.&nbsp;<\/p>\n\n\n\n<p><strong>Modalidad de trabajo<\/strong>:&nbsp;<\/p>\n\n\n\n<p>Se realizar\u00e1 un seminario de formaci\u00f3n tem\u00e1tica y se propondr\u00e1 lectura sistem\u00e1tica de&nbsp; autores en relaci\u00f3n a conceptos delimitados en la Masoner\u00eda.&nbsp;<\/p>\n\n\n\n<p><strong>Requisitos para participar<\/strong>:&nbsp;<\/p>\n\n\n\n<p>\u2022 Estudiante o Graduada\/o de la Carrera.&nbsp;<\/p>\n\n\n\n<p><strong>Seminario<\/strong><\/p>\n\n\n\n<figure class=\"wp-block-embed is-type-wp-embed is-provider-gran-logia-regular-argentina-por-la-igualdad-y-la-libertad-de-la-humanidad-magno-colegio-de-ritos-francmasonicos wp-block-embed-gran-logia-regular-argentina-por-la-igualdad-y-la-libertad-de-la-humanidad-magno-colegio-de-ritos-francmasonicos\"><div class=\"wp-block-embed__wrapper\">\n<blockquote class=\"wp-embedded-content\" data-secret=\"7EwiPOk3Zr\"><a href=\"https:\/\/www.granlogiaregularargentina.org\/glra\/blog\/2023\/05\/24\/seminario-gicp-arquitectos-de-la-democracia\/\">Seminario GICP &#8211; Arquitectos de la Democracia<\/a><\/blockquote><iframe loading=\"lazy\" class=\"wp-embedded-content\" sandbox=\"allow-scripts\" security=\"restricted\" style=\"position: absolute; clip: rect(1px, 1px, 1px, 1px);\" title=\"\u00abSeminario GICP &#8211; Arquitectos de la Democracia\u00bb \u2014 Gran Logia Regular Argentina por la Igualdad y la Libertad de la Humanidad - Magno Colegio de Ritos Francmas\u00f3nicos\" src=\"https:\/\/www.granlogiaregularargentina.org\/glra\/blog\/2023\/05\/24\/seminario-gicp-arquitectos-de-la-democracia\/embed\/#?secret=JDcIhDOV1D#?secret=7EwiPOk3Zr\" data-secret=\"7EwiPOk3Zr\" width=\"600\" height=\"338\" frameborder=\"0\" marginwidth=\"0\" marginheight=\"0\" scrolling=\"no\"><\/iframe>\n<\/div><\/figure>\n\n\n\n<p><strong>Bibliograf\u00eda\u00a0<\/strong><\/p>\n\n\n\n<p>\u25cf Antioque\u00f1o, J. M., \u201cEl Movimiento Emancipador en Am\u00e9rica\u201d, Extracto Traducido por S. Bradt&nbsp; Revista Internacional de Masoner\u00eda \u201cHiram Abifel-hijo de una viuda Neftali\u201d, Mar del Plata,&nbsp; A\u00f1o VI, N\u00b0 68, p.9.&nbsp;<\/p>\n\n\n\n<p>\u25cf Baigent, Michael y Leigh Richard, <em>M<\/em><em>asones<\/em><em> y templarios<\/em>, m.r. ediciones, 2005. \u25cf Boccia Roma\u00f1ach Alfredo (2003). <em>La Masoner\u00eda y la Independencia Americana<\/em>, Servi Libro,&nbsp; Asunci\u00f3n.&nbsp;<\/p>\n\n\n\n<p>\u25cf Boccia Roma\u00f1ach, <em>La M<\/em><em>asoner\u00eda <\/em><em>y la independencia americana<\/em>, Servilibro, 2003. \u25cf Bra, Carlos, \u201cLa P2 en la Argentina\u201d, Todo es Historia, 1985.&nbsp;<\/p>\n\n\n\n<p>\u25cf Calvo, Nancy; Di Stefano, Roberto y Klaus Gallo \u201cLos Curas de la Revoluci\u00f3n\u201d.<img loading=\"lazy\" decoding=\"async\" src=\"blob:https:\/\/www.granlogiaregularargentina.org\/bef8f03b-b373-464a-a151-f70238801daf\" width=\"67\" height=\"85\"><\/p>\n\n\n\n<p>\u25cf Canter Juan (1942), <em>Las sociedades secretas, pol\u00edticas y literarias<\/em>, Buenos Aires, Imprenta de&nbsp; la Universidad.&nbsp;<\/p>\n\n\n\n<p>\u25cf Corbiere Emilio (1998). <em>La Masoner\u00eda. Pol\u00edtica y sociedades secretas en la Argentina<\/em>. Editorial&nbsp; Sudamericana. Buenos Aires.&nbsp;<\/p>\n\n\n\n<p>\u25cf Corbiere, Emilio, <em>La M<\/em><em>asoner\u00eda,<\/em><em> I y II, <\/em>Edit. Sudamericana, Bs. As. 2001. \u25cf D\u00b4Elia Junior, Raymundo, <em>Ma\u00e7onaria 100 instru\u00e7oes de aprendiz<\/em>, Madras, 2007. \u25cf Da Camino Rizzardo, <em>O mestrado ma\u00e7\u00f4nico, <\/em>Madras, 2007.&nbsp;<\/p>\n\n\n\n<p>\u25cf De Gand\u00eda, Enrique, La Independencia de Am\u00e9rica y Las Sociedades Secretas, Ed.&nbsp; Sudam\u00e9rica &#8211; Santa Fe, 1994.&nbsp;<\/p>\n\n\n\n<p>\u25cf De Maestre, Joseph, <em>La Fran Ma\u00e7onnerie<\/em>, Rieder Editeurs. Paris, 1925. \u25cf Di Tella, Torcuato (1998) Los partidos pol\u00edticos: teor\u00eda y an\u00e1lisis comparativo. Buenos&nbsp; Aires, A-Z.&nbsp;<\/p>\n\n\n\n<p>\u25cf Dossier Almaz\u00e1n, Bernardo \u201cBeresford, Gobernador de Buenos Aires\u201d \u25cf Dumas, Alejandro, <em>Los caballeros templarios<\/em>, Plaza Dorrego, 2004.&nbsp;<\/p>\n\n\n\n<p>\u25cf Duverger Maurice (1951) Los Partidos Pol\u00edticos, FCE, M\u00e9xico. ee. vv.&nbsp;<\/p>\n\n\n\n<p>\u25cf Duverger, Maurice (1965) Los partidos pol\u00edticos. M\u00e9xico, FCE.&nbsp;<\/p>\n\n\n\n<p>\u25cf Encause, Gerard, <em>O que deve saber um mestre ma\u00e7om, <\/em>Ed. Pensamento, Sao Paulo, 2006. \u25cf Fay, Bernard <em>La francmasoner\u00eda y la revoluci\u00f3n intelectual del siglo XVIII<\/em>, Huemul, Bs. As.&nbsp; 1963.&nbsp;<\/p>\n\n\n\n<p>\u25cf Fernandez Cabrelli, Alfonso (1982) Masoner\u00eda, Morenismo, Artiguismo. Presencia e&nbsp; influencia de la francmasoner\u00eda en los movimientos independentistas del R\u00edo de la&nbsp; Plata. Montevideo, Am\u00e9rica Una.&nbsp;<\/p>\n\n\n\n<p>\u25cf Ferreira, Tito Livio, <em>A ma\u00e7oneria na independencia brasileira<\/em>, Editora.1962. \u25cf Ferrer Benimelli Jos\u00e9 Antonio y Cuartero Cuartero (2004), <em>Bibliograf\u00eda de la masoner\u00eda<\/em>, Madrid,&nbsp; Fundaci\u00f3n Universitaria Espa\u00f1ola, Madrid, 3 Vols.&nbsp;<\/p>\n\n\n\n<p>\u25cf Freinet, Guillaume, <em>M<\/em><em>asones<\/em><em> y rosacruces, <\/em>Andr\u00f3meda, 2006.&nbsp;<\/p>\n\n\n\n<p>\u25cf G\u00e1lvez, Luc\u00eda (2006). <em>Como Dios Manda? Iglesia, Masoner\u00eda y Estado en Argentina. <\/em>Edit.&nbsp; Norma, Buenos Aires.&nbsp;<\/p>\n\n\n\n<p>\u25cf Galvez, Luc\u00eda, <em>\u00bfComo Dios Manda?<\/em>, Norma, 2006.&nbsp;<\/p>\n\n\n\n<p>\u25cf Gonzalez Bernaldo, Pilar, \u201cMasoner\u00eda y revoluci\u00f3n de independencia en el R\u00edo de la Plata: 130&nbsp; a\u00f1os de historiograf\u00eda\u201d, en Jos\u00e9 Antonio Ferrer Benimeli (Coordinador) <em>Masoner\u00eda, Revoluci\u00f3n&nbsp; y Reacci\u00f3n, IV Symposium Internacional de Historia de la Masoner\u00eda Espa\u00f1ola<\/em>, Alicante,&nbsp; Instituto Alicantino Juan Gil-Albert, 1990a, T. II, pp. 1035-1054. https:\/\/dialnet.unirioja.es\/descarga\/articulo\/1070380.pdf&nbsp;<\/p>\n\n\n\n<p>\u25cf Gonz\u00e1lez, Federico, <em>Hermetismo y M<\/em><em>asoner\u00eda,<\/em><em> <\/em>Kier, 2004.&nbsp;<\/p>\n\n\n\n<p>\u25cf Gouchon Emilio (1917), <em>La Masoner\u00eda y la Independencia americana<\/em>, Valpara\u00edso: Imprenta&nbsp; Roma.&nbsp;<\/p>\n\n\n\n<p>\u25cf Hamilton Mariano (2018) <em>Masones Argentinos. El poder en las sombras. <\/em>Edit. Planeta. Buenos&nbsp; Aires.&nbsp;<\/p>\n\n\n\n<p>\u25cf Harari, Fabi\u00e1n (2006) La contra. Los enemigos de la Revoluci\u00f3n de Mayo ayer y hoy.&nbsp; Buenos Aires, ediciones Raz\u00f3n y Revoluci\u00f3n.&nbsp;<\/p>\n\n\n\n<p>\u25cf Hurtado, Armando, <em>Nosotros M<\/em><em>asones,<\/em><em> EDAF, 2005.&nbsp;<\/em><\/p>\n\n\n\n<p>\u25cf Jeffers, Paul, <em>La M<\/em><em>asoner\u00eda,<\/em><em> <\/em>El Ateneo, 2005.&nbsp;<\/p>\n\n\n\n<p>\u25cf Lagomarsino Pezzali, Luis Alberto, <em>La cruzada de los caballeros orientales<\/em>, 2007. \u25cf Lappas, Alcibiades, <em>La M<\/em><em>asoner\u00eda <\/em><em>Argentina a trav\u00e9s de sus hombres<\/em>, Bs. As. 2000. \u25cf Lavagnini, Aldo, <em>Manual del Aprendiz; del Compa\u00f1ero; y del Maestro<\/em>, Kier, vs. eds. \u25cf Lazcano, Mart\u00edn V. \u201cLas Sociedades Secretas, Pol\u00edticas y Mas\u00f3nicas de Buenos Aires\u201d. \u25cf Leadbeater, C. W., <em>Freemansory and its ancient mystic rites<\/em>, 1986.&nbsp;<\/p>\n\n\n\n<p>\u25cf Leadbeater, C. W., <em>La M<\/em><em>asoner\u00eda<\/em>, Edicomunicaci\u00f3n, 1986.&nbsp;<\/p>\n\n\n\n<p>\u25cf Lopez de Rojas, Gabriel y Riera, Marta, <em>El iniciado mas\u00f3nico<\/em>, Planeta de Agostini, 2003.<img loading=\"lazy\" decoding=\"async\" src=\"blob:https:\/\/www.granlogiaregularargentina.org\/787c9a25-dbb5-4ce7-94d5-0a467c30bceb\" width=\"67\" height=\"85\"><\/p>\n\n\n\n<p>\u25cf Maguire Patrcio Jos\u00e9 (1969). <em>La Masoner\u00eda y la Emancipaci\u00f3n del R\u00edo de la Plata<\/em>, Instituto de&nbsp; Historia Argentina. Apartado 17 y 18.&nbsp;<\/p>\n\n\n\n<p>\u25cf Mansur Neto, Elias, <em>M<\/em><em>asoner\u00eda<\/em>, Papyrus 2, Digerati, 2006.&nbsp;<\/p>\n\n\n\n<p>\u25cf Martinez Otero, Luis Miguel, <em>La M<\/em><em>asoner\u00eda<\/em>, Obelisco, 2005.&nbsp;<\/p>\n\n\n\n<p>\u25cf Mellor, Alec, <em>Franco-Ma\u00e7onaria<\/em>, Pensamento, 1976.&nbsp;<\/p>\n\n\n\n<p>\u25cf Mellor, Alec, <em>La Franmasoner\u00eda, <\/em>Ahar, Barcelona, 1977.&nbsp;<\/p>\n\n\n\n<p>\u25cf Mellor, Alec, <em>La <\/em><em>masoner\u00eda,<\/em><em> <\/em>Ahar, Barcelona 1968.&nbsp;<\/p>\n\n\n\n<p>\u25cf Menu\u00e9, <em>La M<\/em><em>asoner\u00eda,<\/em><em> <\/em>GRM, 2004.&nbsp;<\/p>\n\n\n\n<p>\u25cf Mitre, Bartolom\u00e9 (1887). \u00abLa Logia Lautaro\u201d <em>Historia de San Mart\u00edn y de la emancipaci\u00f3n&nbsp; sudamericana<\/em>, Edic. Peuser, 1944.&nbsp;<\/p>\n\n\n\n<p>\u25cf Onsari Fabian (1951) San Mart\u00edn, la Logia Lautaro y la Francmasoner\u00eda -Tercera Edici\u00f3n Bs.&nbsp; As. 2011&nbsp;<\/p>\n\n\n\n<p>\u25cf Oviedo, Benjam\u00edn. 1929. La Masoner\u00eda en Chile. Santiago: Universo.&nbsp;<\/p>\n\n\n\n<p>\u25cf Panebianco, Angelo (1990) Modelos de Partido. Madrid, Alianza.&nbsp;<\/p>\n\n\n\n<p>\u25cf Paso, Leonardo (1974) Historia de los or\u00edgenes de los partidos pol\u00edticos (1810-1918). Buenos&nbsp; Aires, Cartago.&nbsp;<\/p>\n\n\n\n<p>\u25cf Pasquino, Gianfranco (1993) Manual de ciencia pol\u00edtica. Madrid, Alianza. \u25cf Peradejordi, Juli, <em>Cosmogon\u00eda mas\u00f3nica<\/em>, Kier, 1992.&nbsp;<\/p>\n\n\n\n<p>\u25cf Pereira Couto, <em>Diccionario secreto de la M<\/em><em>asoner\u00eda<\/em>, Digerati, 2006.&nbsp;<\/p>\n\n\n\n<p>\u25cf Picknett, Lynn y Prince, Clive, <em>La revelaci\u00f3n de los Templarios<\/em>, Edic. Martinez Roca, 1997. \u25cf Revista S\u00edmbolo, Revista de la Masoner\u00eda Argentina, varios n\u00fameros. \u25cf Ridley, Jasper, <em>Los M<\/em><em>asones<\/em>, Vergara Editor, 1999.&nbsp;<\/p>\n\n\n\n<p>\u25cf Rodriguez Zu\u00f1iga, Antonio (1922). <em>La logia Lautaro y la independencia de Am\u00e9rica<\/em>, Buenos&nbsp; Aires.&nbsp;<\/p>\n\n\n\n<p>\u25cf Romero Ricardo, <em>Masoner\u00eda en la Revoluci\u00f3n de Mayo. Influencia en su pensamiento&nbsp; pol\u00edtico<\/em>, Ediciones Mas\u00f3nicas Argentina, 2010.&nbsp;<\/p>\n\n\n\n<p>\u25cf Romero, Ricardo (2010). Masoner\u00eda en la Revoluci\u00f3n de Mayo. Edic. Mas\u00f3nicas Argentina.&nbsp; Buenos Aires.&nbsp;<\/p>\n\n\n\n<p>\u25cf Rondanina, Esteban (1965) Liberalismo, masoner\u00eda y socialismo en la evoluci\u00f3n nacional.&nbsp; Buenos Aires, Libera.&nbsp;<\/p>\n\n\n\n<p>\u25cf Rondanina, Esteban, <em>Liberalismo, <\/em><em>masoner\u00eda <\/em><em>y socialismo<\/em>, Bs. As.,1965. \u25cf Rottjer, Anibal, <em>La <\/em><em>masoneria <\/em><em>en la Argentina y en el mundo, <\/em>El nuevo orden, 1983. \u25cf Sanguinetti, Jorge, <em>Espiritualidad y M<\/em><em>asoner\u00eda<\/em>, Kier, 2007.&nbsp;<\/p>\n\n\n\n<p>\u25cf Seal-Coon Frederick, \u201cSim\u00f3n Bol\u00edvar, Freemason\u201d (1977); \u201cSpanish-American Revolutionary&nbsp; Masonry\u201d (1981); \u201cLa m\u00edtica masoner\u00eda de Francisco de Miranda\u201d(1995); en Revista de la logia&nbsp; de investigaci\u00f3n <em>Quatuor Coronati Lodge n\u00ba 2076.&nbsp;<\/em><\/p>\n\n\n\n<p>\u25cf Silva, Raul, <em>Ma\u00e7onaria simb\u00f3lica<\/em>, Edit. Pensamento, Sao Paulo, 1997. \u25cf Silvestre Jorge y Rodr\u00edguez Rossi, V\u00edctor (2010). <em>La Masoner\u00eda y el Bicentenario<\/em>. Edit.&nbsp; Lajoaune, Buenos Aires.&nbsp;<\/p>\n\n\n\n<p>\u25cf Siqueira, Paulo, <em>Do p\u00f3 \u00e1s estrelas<\/em>, 2005.&nbsp;<\/p>\n\n\n\n<p>\u25cf Terragno, Rodolfo, <em>Plan Maitland<\/em>, Sudamericana, Bs. As., 2012.&nbsp;<\/p>\n\n\n\n<p>\u25cf Terragno, Rodolgo, <em>Diario \u00cdntimo de San Mart\u00edn, <\/em>DelBolsillo, Bs. As., 2012. \u25cf Vedoya, Juan Carlos, \u201cEstatuas y Masones\u201d, Revista Todo es Historia, 1977. \u25cf Waite, Edward, <em>A new encyclopaedia of freemasonry<\/em>, Wings Books, 2006. \u25cf Weinberg, Gregorio, <em>Epistolario Belgraniano<\/em>, Taurus, 2001,&nbsp;<\/p>\n\n\n\n<p>\u25cf Winlmshurst, W. L., <em>The meaning of masonry<\/em>, Gramercy Books, New York, 1980. \u25cf Wirth, Oswald, <em>El ideal iniciatico<\/em>, Kier, 2003.&nbsp;\u25cf Z\u00fa\u00f1iga, Antonio RT. \u201cLa Logia Lautaro y la Independencia de Am\u00e9rica\u201d.<img loading=\"lazy\" decoding=\"async\" src=\"blob:https:\/\/www.granlogiaregularargentina.org\/181edda5-b02b-4b16-a03d-24e63c4a0b71\" width=\"67\" height=\"85\"><\/p>\n","protected":false},"excerpt":{"rendered":"<p>Arquitectos de la Democracia&nbsp; Director\/a: Ricardo Romero&nbsp; Coordinador\/a: Ver\u00f3nica B\u00e1ston, Rodrigo Borges.&nbsp; Contacto: politologoromero@gmail.com \u00c1rea\/s tem\u00e1tica\/s: Teor\u00eda Pol\u00ectica&nbsp; Descripci\u00f3n:&nbsp; El Grupo Arquitectos de la Democracia surge como iniciativa de Egresados y Docentes&nbsp; de la Carrera de Ciencia Pol\u00edtica que forman parte de la Academia de Altos Estudios&nbsp; Filos\u00f3ficos y Simb\u00f3licos. Su marco de estudios es [&hellip;]<\/p>\n","protected":false},"author":1,"featured_media":0,"parent":0,"menu_order":0,"comment_status":"closed","ping_status":"closed","template":"","meta":{"footnotes":""},"class_list":["post-1603","page","type-page","status-publish","hentry"],"_links":{"self":[{"href":"https:\/\/www.granlogiaregularargentina.org\/glra\/wp-json\/wp\/v2\/pages\/1603","targetHints":{"allow":["GET"]}}],"collection":[{"href":"https:\/\/www.granlogiaregularargentina.org\/glra\/wp-json\/wp\/v2\/pages"}],"about":[{"href":"https:\/\/www.granlogiaregularargentina.org\/glra\/wp-json\/wp\/v2\/types\/page"}],"author":[{"embeddable":true,"href":"https:\/\/www.granlogiaregularargentina.org\/glra\/wp-json\/wp\/v2\/users\/1"}],"replies":[{"embeddable":true,"href":"https:\/\/www.granlogiaregularargentina.org\/glra\/wp-json\/wp\/v2\/comments?post=1603"}],"version-history":[{"count":2,"href":"https:\/\/www.granlogiaregularargentina.org\/glra\/wp-json\/wp\/v2\/pages\/1603\/revisions"}],"predecessor-version":[{"id":1610,"href":"https:\/\/www.granlogiaregularargentina.org\/glra\/wp-json\/wp\/v2\/pages\/1603\/revisions\/1610"}],"wp:attachment":[{"href":"https:\/\/www.granlogiaregularargentina.org\/glra\/wp-json\/wp\/v2\/media?parent=1603"}],"curies":[{"name":"wp","href":"https:\/\/api.w.org\/{rel}","templated":true}]}}