{"id":224,"date":"2020-01-10T22:41:32","date_gmt":"2020-01-11T01:41:32","guid":{"rendered":"https:\/\/www.granlogiaregularargentina.org\/glra\/?page_id=224"},"modified":"2025-05-04T20:04:46","modified_gmt":"2025-05-04T23:04:46","slug":"logias","status":"publish","type":"page","link":"https:\/\/www.granlogiaregularargentina.org\/glra\/logias\/","title":{"rendered":"Logias"},"content":{"rendered":"\n<figure class=\"wp-block-image size-full\"><img loading=\"lazy\" decoding=\"async\" width=\"1024\" height=\"766\" src=\"https:\/\/www.granlogiaregularargentina.org\/glra\/wp-content\/uploads\/2025\/05\/image-3-1024x766-1.png\" alt=\"\" class=\"wp-image-1847\" srcset=\"https:\/\/www.granlogiaregularargentina.org\/glra\/wp-content\/uploads\/2025\/05\/image-3-1024x766-1.png 1024w, https:\/\/www.granlogiaregularargentina.org\/glra\/wp-content\/uploads\/2025\/05\/image-3-1024x766-1-300x224.png 300w, https:\/\/www.granlogiaregularargentina.org\/glra\/wp-content\/uploads\/2025\/05\/image-3-1024x766-1-768x575.png 768w\" sizes=\"auto, (max-width: 1024px) 100vw, 1024px\" \/><\/figure>\n\n\n\n<h2 class=\"wp-block-heading\">Augustas y Respetables Logias<\/h2>\n\n\n\n<ul class=\"wp-block-list\">\n<li>Augusta y Respetable Logia \u00abEstrella Federal\u00bb N\u00ba 1<\/li>\n<\/ul>\n\n\n\n<figure class=\"wp-block-gallery has-nested-images columns-default is-cropped wp-block-gallery-1 is-layout-flex wp-block-gallery-is-layout-flex\">\n<figure class=\"wp-block-image size-large\"><img loading=\"lazy\" decoding=\"async\" width=\"721\" height=\"1024\" data-id=\"781\" src=\"https:\/\/www.granlogiaregularargentina.org\/glra\/wp-content\/uploads\/2021\/03\/Estrella-Federal-721x1024.jpg\" alt=\"\" class=\"wp-image-781\" srcset=\"https:\/\/www.granlogiaregularargentina.org\/glra\/wp-content\/uploads\/2021\/03\/Estrella-Federal-721x1024.jpg 721w, https:\/\/www.granlogiaregularargentina.org\/glra\/wp-content\/uploads\/2021\/03\/Estrella-Federal-211x300.jpg 211w, https:\/\/www.granlogiaregularargentina.org\/glra\/wp-content\/uploads\/2021\/03\/Estrella-Federal-768x1091.jpg 768w, https:\/\/www.granlogiaregularargentina.org\/glra\/wp-content\/uploads\/2021\/03\/Estrella-Federal.jpg 901w\" sizes=\"auto, (max-width: 721px) 100vw, 721px\" \/><\/figure>\n\n\n\n<figure class=\"wp-block-image size-large\"><img loading=\"lazy\" decoding=\"async\" width=\"640\" height=\"640\" data-id=\"782\" src=\"https:\/\/www.granlogiaregularargentina.org\/glra\/wp-content\/uploads\/2021\/03\/Estrella-Federal.png\" alt=\"\" class=\"wp-image-782\" srcset=\"https:\/\/www.granlogiaregularargentina.org\/glra\/wp-content\/uploads\/2021\/03\/Estrella-Federal.png 640w, https:\/\/www.granlogiaregularargentina.org\/glra\/wp-content\/uploads\/2021\/03\/Estrella-Federal-300x300.png 300w, https:\/\/www.granlogiaregularargentina.org\/glra\/wp-content\/uploads\/2021\/03\/Estrella-Federal-150x150.png 150w\" sizes=\"auto, (max-width: 640px) 100vw, 640px\" \/><\/figure>\n<\/figure>\n\n\n\n<ul class=\"wp-block-list\">\n<li>Augusta y Respetable Logia \u00abConsulta de 1816\u00bb N\u00ba 2<\/li>\n<\/ul>\n\n\n\n<figure class=\"wp-block-gallery has-nested-images columns-default is-cropped wp-block-gallery-2 is-layout-flex wp-block-gallery-is-layout-flex\">\n<figure class=\"wp-block-image size-large\"><img loading=\"lazy\" decoding=\"async\" width=\"721\" height=\"1024\" data-id=\"783\" src=\"https:\/\/www.granlogiaregularargentina.org\/glra\/wp-content\/uploads\/2021\/03\/Consulta-de-1816-721x1024.jpg\" alt=\"\" class=\"wp-image-783\" srcset=\"https:\/\/www.granlogiaregularargentina.org\/glra\/wp-content\/uploads\/2021\/03\/Consulta-de-1816-721x1024.jpg 721w, https:\/\/www.granlogiaregularargentina.org\/glra\/wp-content\/uploads\/2021\/03\/Consulta-de-1816-211x300.jpg 211w, https:\/\/www.granlogiaregularargentina.org\/glra\/wp-content\/uploads\/2021\/03\/Consulta-de-1816-768x1091.jpg 768w, https:\/\/www.granlogiaregularargentina.org\/glra\/wp-content\/uploads\/2021\/03\/Consulta-de-1816.jpg 901w\" sizes=\"auto, (max-width: 721px) 100vw, 721px\" \/><\/figure>\n\n\n\n<figure class=\"wp-block-image size-large\"><img loading=\"lazy\" decoding=\"async\" width=\"640\" height=\"640\" data-id=\"619\" src=\"https:\/\/www.granlogiaregularargentina.org\/glra\/wp-content\/uploads\/2020\/09\/image-2.png\" alt=\"\" class=\"wp-image-619\" srcset=\"https:\/\/www.granlogiaregularargentina.org\/glra\/wp-content\/uploads\/2020\/09\/image-2.png 640w, https:\/\/www.granlogiaregularargentina.org\/glra\/wp-content\/uploads\/2020\/09\/image-2-300x300.png 300w, https:\/\/www.granlogiaregularargentina.org\/glra\/wp-content\/uploads\/2020\/09\/image-2-150x150.png 150w\" sizes=\"auto, (max-width: 640px) 100vw, 640px\" \/><\/figure>\n<\/figure>\n\n\n\n<ul class=\"wp-block-list\">\n<li>Augusta y Respetable Logia \u00abAlfredo Palacios\u00bb N\u00ba 3<\/li>\n<\/ul>\n\n\n\n<figure class=\"wp-block-gallery has-nested-images columns-default is-cropped wp-block-gallery-3 is-layout-flex wp-block-gallery-is-layout-flex\">\n<figure class=\"wp-block-image size-large\"><img loading=\"lazy\" decoding=\"async\" width=\"721\" height=\"1024\" data-id=\"784\" src=\"https:\/\/www.granlogiaregularargentina.org\/glra\/wp-content\/uploads\/2021\/03\/Alfredo-Palacios-721x1024.jpg\" alt=\"\" class=\"wp-image-784\" srcset=\"https:\/\/www.granlogiaregularargentina.org\/glra\/wp-content\/uploads\/2021\/03\/Alfredo-Palacios-721x1024.jpg 721w, https:\/\/www.granlogiaregularargentina.org\/glra\/wp-content\/uploads\/2021\/03\/Alfredo-Palacios-211x300.jpg 211w, https:\/\/www.granlogiaregularargentina.org\/glra\/wp-content\/uploads\/2021\/03\/Alfredo-Palacios-768x1091.jpg 768w, https:\/\/www.granlogiaregularargentina.org\/glra\/wp-content\/uploads\/2021\/03\/Alfredo-Palacios.jpg 901w\" sizes=\"auto, (max-width: 721px) 100vw, 721px\" \/><\/figure>\n\n\n\n<figure class=\"wp-block-image size-large\"><img loading=\"lazy\" decoding=\"async\" width=\"640\" height=\"640\" data-id=\"617\" src=\"https:\/\/www.granlogiaregularargentina.org\/glra\/wp-content\/uploads\/2020\/09\/image.png\" alt=\"\" class=\"wp-image-617\" srcset=\"https:\/\/www.granlogiaregularargentina.org\/glra\/wp-content\/uploads\/2020\/09\/image.png 640w, https:\/\/www.granlogiaregularargentina.org\/glra\/wp-content\/uploads\/2020\/09\/image-300x300.png 300w, https:\/\/www.granlogiaregularargentina.org\/glra\/wp-content\/uploads\/2020\/09\/image-150x150.png 150w\" sizes=\"auto, (max-width: 640px) 100vw, 640px\" \/><\/figure>\n<\/figure>\n\n\n\n<ul class=\"wp-block-list\">\n<li>Augusta y Respetable Logia \u00abArgentina\u00bb N\u00ba 4<\/li>\n<\/ul>\n\n\n\n<figure class=\"wp-block-gallery has-nested-images columns-default is-cropped wp-block-gallery-4 is-layout-flex wp-block-gallery-is-layout-flex\">\n<figure class=\"wp-block-image size-large\"><img loading=\"lazy\" decoding=\"async\" width=\"721\" height=\"1024\" data-id=\"785\" src=\"https:\/\/www.granlogiaregularargentina.org\/glra\/wp-content\/uploads\/2021\/03\/Argentina-4-721x1024.jpg\" alt=\"\" class=\"wp-image-785\" srcset=\"https:\/\/www.granlogiaregularargentina.org\/glra\/wp-content\/uploads\/2021\/03\/Argentina-4-721x1024.jpg 721w, https:\/\/www.granlogiaregularargentina.org\/glra\/wp-content\/uploads\/2021\/03\/Argentina-4-211x300.jpg 211w, https:\/\/www.granlogiaregularargentina.org\/glra\/wp-content\/uploads\/2021\/03\/Argentina-4-768x1091.jpg 768w, https:\/\/www.granlogiaregularargentina.org\/glra\/wp-content\/uploads\/2021\/03\/Argentina-4.jpg 901w\" sizes=\"auto, (max-width: 721px) 100vw, 721px\" \/><\/figure>\n\n\n\n<figure class=\"wp-block-image size-large\"><img loading=\"lazy\" decoding=\"async\" width=\"1024\" height=\"1024\" data-id=\"760\" src=\"https:\/\/www.granlogiaregularargentina.org\/glra\/wp-content\/uploads\/2021\/03\/FB_IMG_16148215244765472-1024x1024.jpg\" alt=\"\" class=\"wp-image-760\" srcset=\"https:\/\/www.granlogiaregularargentina.org\/glra\/wp-content\/uploads\/2021\/03\/FB_IMG_16148215244765472-1024x1024.jpg 1024w, https:\/\/www.granlogiaregularargentina.org\/glra\/wp-content\/uploads\/2021\/03\/FB_IMG_16148215244765472-300x300.jpg 300w, https:\/\/www.granlogiaregularargentina.org\/glra\/wp-content\/uploads\/2021\/03\/FB_IMG_16148215244765472-150x150.jpg 150w, https:\/\/www.granlogiaregularargentina.org\/glra\/wp-content\/uploads\/2021\/03\/FB_IMG_16148215244765472-768x768.jpg 768w, https:\/\/www.granlogiaregularargentina.org\/glra\/wp-content\/uploads\/2021\/03\/FB_IMG_16148215244765472.jpg 1071w\" sizes=\"auto, (max-width: 1024px) 100vw, 1024px\" \/><\/figure>\n<\/figure>\n\n\n\n<ul class=\"wp-block-list\">\n<li>Augusta y Respetable Logia \u00abEva Duarte\u00bb N\u00ba 5<\/li>\n<\/ul>\n\n\n\n<figure class=\"wp-block-gallery has-nested-images columns-default is-cropped wp-block-gallery-5 is-layout-flex wp-block-gallery-is-layout-flex\">\n<figure class=\"wp-block-image size-large\"><img loading=\"lazy\" decoding=\"async\" width=\"721\" height=\"1024\" data-id=\"786\" src=\"https:\/\/www.granlogiaregularargentina.org\/glra\/wp-content\/uploads\/2021\/03\/Eva-Duarte-721x1024.jpg\" alt=\"\" class=\"wp-image-786\" srcset=\"https:\/\/www.granlogiaregularargentina.org\/glra\/wp-content\/uploads\/2021\/03\/Eva-Duarte-721x1024.jpg 721w, https:\/\/www.granlogiaregularargentina.org\/glra\/wp-content\/uploads\/2021\/03\/Eva-Duarte-211x300.jpg 211w, https:\/\/www.granlogiaregularargentina.org\/glra\/wp-content\/uploads\/2021\/03\/Eva-Duarte-768x1091.jpg 768w, https:\/\/www.granlogiaregularargentina.org\/glra\/wp-content\/uploads\/2021\/03\/Eva-Duarte.jpg 901w\" sizes=\"auto, (max-width: 721px) 100vw, 721px\" \/><\/figure>\n\n\n\n<figure class=\"wp-block-image size-large\"><img loading=\"lazy\" decoding=\"async\" width=\"1024\" height=\"1024\" data-id=\"942\" src=\"https:\/\/www.granlogiaregularargentina.org\/glra\/wp-content\/uploads\/2021\/05\/IMG-20210507-WA0055-1024x1024.jpg\" alt=\"\" class=\"wp-image-942\" srcset=\"https:\/\/www.granlogiaregularargentina.org\/glra\/wp-content\/uploads\/2021\/05\/IMG-20210507-WA0055-1024x1024.jpg 1024w, https:\/\/www.granlogiaregularargentina.org\/glra\/wp-content\/uploads\/2021\/05\/IMG-20210507-WA0055-300x300.jpg 300w, https:\/\/www.granlogiaregularargentina.org\/glra\/wp-content\/uploads\/2021\/05\/IMG-20210507-WA0055-150x150.jpg 150w, https:\/\/www.granlogiaregularargentina.org\/glra\/wp-content\/uploads\/2021\/05\/IMG-20210507-WA0055-768x768.jpg 768w, https:\/\/www.granlogiaregularargentina.org\/glra\/wp-content\/uploads\/2021\/05\/IMG-20210507-WA0055.jpg 1280w\" sizes=\"auto, (max-width: 1024px) 100vw, 1024px\" \/><\/figure>\n<\/figure>\n\n\n\n<figure class=\"wp-block-gallery has-nested-images columns-default is-cropped wp-block-gallery-6 is-layout-flex wp-block-gallery-is-layout-flex\">\n<figure class=\"wp-block-image size-large\"><img loading=\"lazy\" decoding=\"async\" width=\"724\" height=\"1024\" data-id=\"1703\" src=\"https:\/\/www.granlogiaregularargentina.org\/glra\/wp-content\/uploads\/2023\/12\/CARTA-PATENTE-AUGUSTA-Y-RESPETABLE-LOGIA-724x1024.jpg\" alt=\"\" class=\"wp-image-1703\" srcset=\"https:\/\/www.granlogiaregularargentina.org\/glra\/wp-content\/uploads\/2023\/12\/CARTA-PATENTE-AUGUSTA-Y-RESPETABLE-LOGIA-724x1024.jpg 724w, https:\/\/www.granlogiaregularargentina.org\/glra\/wp-content\/uploads\/2023\/12\/CARTA-PATENTE-AUGUSTA-Y-RESPETABLE-LOGIA-212x300.jpg 212w, https:\/\/www.granlogiaregularargentina.org\/glra\/wp-content\/uploads\/2023\/12\/CARTA-PATENTE-AUGUSTA-Y-RESPETABLE-LOGIA-768x1086.jpg 768w, https:\/\/www.granlogiaregularargentina.org\/glra\/wp-content\/uploads\/2023\/12\/CARTA-PATENTE-AUGUSTA-Y-RESPETABLE-LOGIA-1086x1536.jpg 1086w, https:\/\/www.granlogiaregularargentina.org\/glra\/wp-content\/uploads\/2023\/12\/CARTA-PATENTE-AUGUSTA-Y-RESPETABLE-LOGIA.jpg 1414w\" sizes=\"auto, (max-width: 724px) 100vw, 724px\" \/><\/figure>\n<figcaption class=\"blocks-gallery-caption wp-element-caption\">Augusta y Respetable Logia \u00ab9 de Julio de 1816\u00bb N\u00b0 6 (Este taller ha sido recategorizado en Congreso de la Orden)<\/figcaption><\/figure>\n\n\n\n<ul class=\"wp-block-list\">\n<li>Augusta y Respetable Logia \u00abCarlos Pellegrini\u00bb N\u00ba 7<\/li>\n<\/ul>\n\n\n\n<figure class=\"wp-block-image size-large\"><img loading=\"lazy\" decoding=\"async\" width=\"721\" height=\"1024\" src=\"https:\/\/www.granlogiaregularargentina.org\/glra\/wp-content\/uploads\/2021\/03\/Carlos-Pellegrini-721x1024.jpg\" alt=\"\" class=\"wp-image-788\" srcset=\"https:\/\/www.granlogiaregularargentina.org\/glra\/wp-content\/uploads\/2021\/03\/Carlos-Pellegrini-721x1024.jpg 721w, https:\/\/www.granlogiaregularargentina.org\/glra\/wp-content\/uploads\/2021\/03\/Carlos-Pellegrini-211x300.jpg 211w, https:\/\/www.granlogiaregularargentina.org\/glra\/wp-content\/uploads\/2021\/03\/Carlos-Pellegrini-768x1091.jpg 768w, https:\/\/www.granlogiaregularargentina.org\/glra\/wp-content\/uploads\/2021\/03\/Carlos-Pellegrini.jpg 901w\" sizes=\"auto, (max-width: 721px) 100vw, 721px\" \/><\/figure>\n\n\n\n<h2 class=\"wp-block-heading\">Respetables Logias<\/h2>\n\n\n\n<figure class=\"wp-block-image size-large\"><img loading=\"lazy\" decoding=\"async\" width=\"724\" height=\"1024\" src=\"https:\/\/www.granlogiaregularargentina.org\/glra\/wp-content\/uploads\/2023\/12\/CARTA-PATENTE-AUGUSTA-Y-RESPETABLE-LOGIA-1-724x1024.jpg\" alt=\"\" class=\"wp-image-1705\" srcset=\"https:\/\/www.granlogiaregularargentina.org\/glra\/wp-content\/uploads\/2023\/12\/CARTA-PATENTE-AUGUSTA-Y-RESPETABLE-LOGIA-1-724x1024.jpg 724w, https:\/\/www.granlogiaregularargentina.org\/glra\/wp-content\/uploads\/2023\/12\/CARTA-PATENTE-AUGUSTA-Y-RESPETABLE-LOGIA-1-212x300.jpg 212w, https:\/\/www.granlogiaregularargentina.org\/glra\/wp-content\/uploads\/2023\/12\/CARTA-PATENTE-AUGUSTA-Y-RESPETABLE-LOGIA-1-768x1086.jpg 768w, https:\/\/www.granlogiaregularargentina.org\/glra\/wp-content\/uploads\/2023\/12\/CARTA-PATENTE-AUGUSTA-Y-RESPETABLE-LOGIA-1-1086x1536.jpg 1086w, https:\/\/www.granlogiaregularargentina.org\/glra\/wp-content\/uploads\/2023\/12\/CARTA-PATENTE-AUGUSTA-Y-RESPETABLE-LOGIA-1.jpg 1414w\" sizes=\"auto, (max-width: 724px) 100vw, 724px\" \/><\/figure>\n\n\n\n<h2 class=\"wp-block-heading\">Tri\u00e1ngulos Mas\u00f3nicos<\/h2>\n\n\n\n<p><strong>Tri\u00e1ngulos constituidos bajo protecci\u00f3n de la Augusta y Respetable Logia \u00abEstrella Federal\u00bb N\u00ba 1.<\/strong><\/p>\n\n\n\n<p>-Tri\u00e1ngulo \u00abUnidad de los Pueblos\u00bb 1-A (Conurbano Bonaerense): V.\u00b7. R.\u00b7. H.\u00b7. Eliel Ben Abraham<\/p>\n\n\n\n<p>-Tri\u00e1ngulo \u00abOtro mundo es Posible\u00bb 1-B (Regi\u00f3n Cuyo) V.\u00b7. R.\u00b7. H.\u00b7. Inaco San Mart\u00edn<\/p>\n\n\n\n<p>-Tri\u00e1ngulo \u00ab20 de Septiembre\u00bb 1-C (Regi\u00f3n NEA) V.\u00b7. R.\u00b7. H.\u00b7. Jos\u00e9 Mart\u00ed<\/p>\n\n\n\n<p>-Tri\u00e1ngulo \u00abGaucho Rivero\u00bb 1-D (Regi\u00f3n Patagonia): V.\u00b7. R.\u00b7. H.\u00b7. Pastor Rey&nbsp;<\/p>\n\n\n\n<p>-Tri\u00e1ngulo \u00abManuel Belgrano\u00bb 1-E (Regi\u00f3n NOA) V.\u00b7. R.\u00b7. H.\u00b7. Norberto Miguel<\/p>\n\n\n\n<p>-Tri\u00e1ngulo \u00ab9 de Julio de 1826\u00bb (Tucum\u00e1n) 1-F V.\u00b7. R.\u00b7. H.\u00b7. Jos\u00e9 Mart\u00ed&nbsp;<\/p>\n\n\n\n<p>-Tri\u00e1ngulo \u00abFrancisco de Miranda\u00bb 1-G (Venezuela) V.\u00b7. R.\u00b7. H.\u00b7. Antonio Jos\u00e9 de Sucre<\/p>\n\n\n\n<p>-Tri\u00e1ngulo \u00ab<em>Helena<\/em>&nbsp;Petrovna Blavatsky\u00bb 1-H (CABA) V.\u00b7. R.\u00b7. H.\u00b7. Melody<\/p>\n\n\n\n<p>-Tri\u00e1ngulo \u00abAndr\u00e9s Gua\u00e7urari y Artigas\u00bb (Misiones) 1-I V.\u00b7. R.\u00b7. H.\u00b7. Alfredo Palacios<\/p>\n\n\n\n<p><\/p>\n\n\n\n<h2 class=\"wp-block-heading\">Cartas Patentes de Logias bajo Auxilio Noble de la Gran Logia Regular Argentina <\/h2>\n\n\n\n<p>Respetable Logia \u00abResplandor\u00bb N\u00ba 1<\/p>\n\n\n\n<figure class=\"wp-block-image is-resized\"><img loading=\"lazy\" decoding=\"async\" width=\"351\" height=\"507\" src=\"https:\/\/www.granlogiaregularargentina.org\/glra\/wp-content\/uploads\/2020\/01\/image-7.png\" alt=\"\" class=\"wp-image-237\" style=\"width:652px;height:942px\" srcset=\"https:\/\/www.granlogiaregularargentina.org\/glra\/wp-content\/uploads\/2020\/01\/image-7.png 351w, https:\/\/www.granlogiaregularargentina.org\/glra\/wp-content\/uploads\/2020\/01\/image-7-208x300.png 208w\" sizes=\"auto, (max-width: 351px) 100vw, 351px\" \/><figcaption class=\"wp-element-caption\">Respetable Logia Resplandor N\u00ba 1 &#8211; Taller Femenino<\/figcaption><\/figure>\n\n\n\n<figure class=\"wp-block-image size-large\"><img loading=\"lazy\" decoding=\"async\" width=\"721\" height=\"1024\" src=\"https:\/\/www.granlogiaregularargentina.org\/glra\/wp-content\/uploads\/2022\/02\/WhatsApp-Image-2021-11-04-at-12.36.46-721x1024.jpeg\" alt=\"\" class=\"wp-image-1091\" srcset=\"https:\/\/www.granlogiaregularargentina.org\/glra\/wp-content\/uploads\/2022\/02\/WhatsApp-Image-2021-11-04-at-12.36.46-721x1024.jpeg 721w, https:\/\/www.granlogiaregularargentina.org\/glra\/wp-content\/uploads\/2022\/02\/WhatsApp-Image-2021-11-04-at-12.36.46-211x300.jpeg 211w, https:\/\/www.granlogiaregularargentina.org\/glra\/wp-content\/uploads\/2022\/02\/WhatsApp-Image-2021-11-04-at-12.36.46-768x1091.jpeg 768w, https:\/\/www.granlogiaregularargentina.org\/glra\/wp-content\/uploads\/2022\/02\/WhatsApp-Image-2021-11-04-at-12.36.46.jpeg 901w\" sizes=\"auto, (max-width: 721px) 100vw, 721px\" \/><\/figure>\n\n\n\n<p>Respetable Logia \u00abFrancisco Jimenez Arraiz\u00bb N\u00ba 1- Taller de Ultramar en el Or:. de Venezuela<\/p>\n\n\n\n<h2 class=\"wp-block-heading\">Logias Desafiliadas<\/h2>\n\n\n\n<ul class=\"wp-block-list\">\n<li>Augusta y Respetable Logia \u00abLeftraru\u00bb  (Desafiliada)<\/li>\n<\/ul>\n\n\n\n<figure class=\"wp-block-gallery has-nested-images columns-default is-cropped wp-block-gallery-7 is-layout-flex wp-block-gallery-is-layout-flex\">\n<figure class=\"wp-block-image size-large\"><img loading=\"lazy\" decoding=\"async\" width=\"721\" height=\"1024\" data-id=\"787\" src=\"https:\/\/www.granlogiaregularargentina.org\/glra\/wp-content\/uploads\/2021\/03\/Leftraru-721x1024.jpg\" alt=\"\" class=\"wp-image-787\" srcset=\"https:\/\/www.granlogiaregularargentina.org\/glra\/wp-content\/uploads\/2021\/03\/Leftraru-721x1024.jpg 721w, https:\/\/www.granlogiaregularargentina.org\/glra\/wp-content\/uploads\/2021\/03\/Leftraru-211x300.jpg 211w, https:\/\/www.granlogiaregularargentina.org\/glra\/wp-content\/uploads\/2021\/03\/Leftraru-768x1091.jpg 768w, https:\/\/www.granlogiaregularargentina.org\/glra\/wp-content\/uploads\/2021\/03\/Leftraru.jpg 901w\" sizes=\"auto, (max-width: 721px) 100vw, 721px\" \/><\/figure>\n<\/figure>\n","protected":false},"excerpt":{"rendered":"<p>Augustas y Respetables Logias Respetables Logias Tri\u00e1ngulos Mas\u00f3nicos Tri\u00e1ngulos constituidos bajo protecci\u00f3n de la Augusta y Respetable Logia \u00abEstrella Federal\u00bb N\u00ba 1. -Tri\u00e1ngulo \u00abUnidad de los Pueblos\u00bb 1-A (Conurbano Bonaerense): V.\u00b7. R.\u00b7. H.\u00b7. Eliel Ben Abraham -Tri\u00e1ngulo \u00abOtro mundo es Posible\u00bb 1-B (Regi\u00f3n Cuyo) V.\u00b7. R.\u00b7. H.\u00b7. Inaco San Mart\u00edn -Tri\u00e1ngulo \u00ab20 de Septiembre\u00bb 1-C [&hellip;]<\/p>\n","protected":false},"author":1,"featured_media":0,"parent":0,"menu_order":0,"comment_status":"closed","ping_status":"closed","template":"","meta":{"footnotes":""},"class_list":["post-224","page","type-page","status-publish","hentry"],"_links":{"self":[{"href":"https:\/\/www.granlogiaregularargentina.org\/glra\/wp-json\/wp\/v2\/pages\/224","targetHints":{"allow":["GET"]}}],"collection":[{"href":"https:\/\/www.granlogiaregularargentina.org\/glra\/wp-json\/wp\/v2\/pages"}],"about":[{"href":"https:\/\/www.granlogiaregularargentina.org\/glra\/wp-json\/wp\/v2\/types\/page"}],"author":[{"embeddable":true,"href":"https:\/\/www.granlogiaregularargentina.org\/glra\/wp-json\/wp\/v2\/users\/1"}],"replies":[{"embeddable":true,"href":"https:\/\/www.granlogiaregularargentina.org\/glra\/wp-json\/wp\/v2\/comments?post=224"}],"version-history":[{"count":27,"href":"https:\/\/www.granlogiaregularargentina.org\/glra\/wp-json\/wp\/v2\/pages\/224\/revisions"}],"predecessor-version":[{"id":1848,"href":"https:\/\/www.granlogiaregularargentina.org\/glra\/wp-json\/wp\/v2\/pages\/224\/revisions\/1848"}],"wp:attachment":[{"href":"https:\/\/www.granlogiaregularargentina.org\/glra\/wp-json\/wp\/v2\/media?parent=224"}],"curies":[{"name":"wp","href":"https:\/\/api.w.org\/{rel}","templated":true}]}}