{"id":413,"date":"2020-05-07T15:51:14","date_gmt":"2020-05-07T18:51:14","guid":{"rendered":"https:\/\/www.granlogiaregularargentina.org\/glra\/?page_id=413"},"modified":"2021-03-26T21:50:20","modified_gmt":"2021-03-27T00:50:20","slug":"membresia-sc","status":"publish","type":"page","link":"https:\/\/www.granlogiaregularargentina.org\/glra\/membresia-sc\/","title":{"rendered":"Membres\u00eda SC"},"content":{"rendered":"\n<div class=\"wp-block-image\"><figure class=\"aligncenter\"><a href=\"www.confederacionmasonica.org\"><img decoding=\"async\" src=\"https:\/\/confederacionmasonica.org\/cmfa\/wp-content\/uploads\/2021\/03\/cropped-cropped-CMFA-1.jpg\" alt=\"Confederaci\u00f3n Mas\u00f3nica Filos\u00f3fica Americana\"\/><\/a><figcaption>Confederaci\u00f3n Mas\u00f3nica Filos\u00f3fica Americana<\/figcaption><\/figure><\/div>\n\n\n\n<figure class=\"wp-block-gallery columns-2 is-cropped wp-block-gallery-1 is-layout-flex wp-block-gallery-is-layout-flex\"><ul class=\"blocks-gallery-grid\"><li class=\"blocks-gallery-item\"><figure><img loading=\"lazy\" decoding=\"async\" width=\"640\" height=\"640\" src=\"https:\/\/www.granlogiaregularargentina.org\/glra\/wp-content\/uploads\/2021\/03\/UMM-SSGGIIGG.jpg\" alt=\"\" data-id=\"904\" data-link=\"https:\/\/www.granlogiaregularargentina.org\/glra\/membresia-sc\/umm-ssggiigg\/\" class=\"wp-image-904\" srcset=\"https:\/\/www.granlogiaregularargentina.org\/glra\/wp-content\/uploads\/2021\/03\/UMM-SSGGIIGG.jpg 640w, https:\/\/www.granlogiaregularargentina.org\/glra\/wp-content\/uploads\/2021\/03\/UMM-SSGGIIGG-300x300.jpg 300w, https:\/\/www.granlogiaregularargentina.org\/glra\/wp-content\/uploads\/2021\/03\/UMM-SSGGIIGG-150x150.jpg 150w\" sizes=\"auto, (max-width: 640px) 100vw, 640px\" \/><\/figure><\/li><li class=\"blocks-gallery-item\"><figure><img loading=\"lazy\" decoding=\"async\" width=\"640\" height=\"640\" src=\"https:\/\/www.granlogiaregularargentina.org\/glra\/wp-content\/uploads\/2021\/03\/UMM-Arg.jpg\" alt=\"\" data-id=\"905\" data-full-url=\"https:\/\/www.granlogiaregularargentina.org\/glra\/wp-content\/uploads\/2021\/03\/UMM-Arg.jpg\" data-link=\"https:\/\/www.granlogiaregularargentina.org\/glra\/membresia-sc\/umm-arg\/\" class=\"wp-image-905\" srcset=\"https:\/\/www.granlogiaregularargentina.org\/glra\/wp-content\/uploads\/2021\/03\/UMM-Arg.jpg 640w, https:\/\/www.granlogiaregularargentina.org\/glra\/wp-content\/uploads\/2021\/03\/UMM-Arg-300x300.jpg 300w, https:\/\/www.granlogiaregularargentina.org\/glra\/wp-content\/uploads\/2021\/03\/UMM-Arg-150x150.jpg 150w\" sizes=\"auto, (max-width: 640px) 100vw, 640px\" \/><\/figure><\/li><\/ul><figcaption class=\"blocks-gallery-caption\">Los SSGGIIGG de nuestro SC33 REAA forman parte de la UMM de SSGGIIGG<\/figcaption><\/figure>\n\n\n\n<figure class=\"wp-block-image size-large\"><img loading=\"lazy\" decoding=\"async\" width=\"590\" height=\"623\" src=\"https:\/\/www.granlogiaregularargentina.org\/glra\/wp-content\/uploads\/2020\/05\/GOME.png\" alt=\"\" class=\"wp-image-415\" srcset=\"https:\/\/www.granlogiaregularargentina.org\/glra\/wp-content\/uploads\/2020\/05\/GOME.png 590w, https:\/\/www.granlogiaregularargentina.org\/glra\/wp-content\/uploads\/2020\/05\/GOME-284x300.png 284w\" sizes=\"auto, (max-width: 590px) 100vw, 590px\" \/><figcaption>Gran Oriente del Mediterr\u00e1neo<\/figcaption><\/figure>\n\n\n\n<figure class=\"wp-block-image size-large\"><img loading=\"lazy\" decoding=\"async\" width=\"623\" height=\"623\" src=\"https:\/\/www.granlogiaregularargentina.org\/glra\/wp-content\/uploads\/2020\/05\/AUM.jpg\" alt=\"\" class=\"wp-image-448\" srcset=\"https:\/\/www.granlogiaregularargentina.org\/glra\/wp-content\/uploads\/2020\/05\/AUM.jpg 623w, https:\/\/www.granlogiaregularargentina.org\/glra\/wp-content\/uploads\/2020\/05\/AUM-300x300.jpg 300w, https:\/\/www.granlogiaregularargentina.org\/glra\/wp-content\/uploads\/2020\/05\/AUM-150x150.jpg 150w\" sizes=\"auto, (max-width: 623px) 100vw, 623px\" \/><figcaption>Alianza Universale Massonica<\/figcaption><\/figure>\n\n\n\n<figure class=\"wp-block-image size-large\"><img loading=\"lazy\" decoding=\"async\" width=\"831\" height=\"586\" src=\"https:\/\/www.granlogiaregularargentina.org\/glra\/wp-content\/uploads\/2020\/05\/Member-Supremo.jpg\" alt=\"\" class=\"wp-image-455\" srcset=\"https:\/\/www.granlogiaregularargentina.org\/glra\/wp-content\/uploads\/2020\/05\/Member-Supremo.jpg 831w, https:\/\/www.granlogiaregularargentina.org\/glra\/wp-content\/uploads\/2020\/05\/Member-Supremo-300x212.jpg 300w, https:\/\/www.granlogiaregularargentina.org\/glra\/wp-content\/uploads\/2020\/05\/Member-Supremo-768x542.jpg 768w\" sizes=\"auto, (max-width: 831px) 100vw, 831px\" \/><figcaption>Miembro Fundador Word Confederation for Universal Fremasonry<\/figcaption><\/figure>\n\n\n\n<figure class=\"wp-block-image size-large\"><img loading=\"lazy\" decoding=\"async\" width=\"1024\" height=\"724\" src=\"https:\/\/www.granlogiaregularargentina.org\/glra\/wp-content\/uploads\/2020\/05\/IMC-SC-1024x724.jpeg\" alt=\"\" class=\"wp-image-464\" srcset=\"https:\/\/www.granlogiaregularargentina.org\/glra\/wp-content\/uploads\/2020\/05\/IMC-SC-1024x724.jpeg 1024w, https:\/\/www.granlogiaregularargentina.org\/glra\/wp-content\/uploads\/2020\/05\/IMC-SC-300x212.jpeg 300w, https:\/\/www.granlogiaregularargentina.org\/glra\/wp-content\/uploads\/2020\/05\/IMC-SC-768x543.jpeg 768w, https:\/\/www.granlogiaregularargentina.org\/glra\/wp-content\/uploads\/2020\/05\/IMC-SC.jpeg 1280w\" sizes=\"auto, (max-width: 1024px) 100vw, 1024px\" \/><figcaption>International Masonic Confederation<\/figcaption><\/figure>\n\n\n\n<figure class=\"wp-block-image size-large\"><img loading=\"lazy\" decoding=\"async\" width=\"888\" height=\"640\" src=\"https:\/\/www.granlogiaregularargentina.org\/glra\/wp-content\/uploads\/2020\/07\/Gran-Dieta-Herm\u00e9tica-Mixta-Internacional.jpeg\" alt=\"\" class=\"wp-image-584\" srcset=\"https:\/\/www.granlogiaregularargentina.org\/glra\/wp-content\/uploads\/2020\/07\/Gran-Dieta-Herm\u00e9tica-Mixta-Internacional.jpeg 888w, https:\/\/www.granlogiaregularargentina.org\/glra\/wp-content\/uploads\/2020\/07\/Gran-Dieta-Herm\u00e9tica-Mixta-Internacional-300x216.jpeg 300w, https:\/\/www.granlogiaregularargentina.org\/glra\/wp-content\/uploads\/2020\/07\/Gran-Dieta-Herm\u00e9tica-Mixta-Internacional-768x554.jpeg 768w\" sizes=\"auto, (max-width: 888px) 100vw, 888px\" \/><figcaption>Gran Dieta Herm\u00e9tica Mixta Internacional<\/figcaption><\/figure>\n","protected":false},"excerpt":{"rendered":"","protected":false},"author":1,"featured_media":0,"parent":0,"menu_order":0,"comment_status":"closed","ping_status":"closed","template":"","meta":{"footnotes":""},"class_list":["post-413","page","type-page","status-publish","hentry"],"_links":{"self":[{"href":"https:\/\/www.granlogiaregularargentina.org\/glra\/wp-json\/wp\/v2\/pages\/413","targetHints":{"allow":["GET"]}}],"collection":[{"href":"https:\/\/www.granlogiaregularargentina.org\/glra\/wp-json\/wp\/v2\/pages"}],"about":[{"href":"https:\/\/www.granlogiaregularargentina.org\/glra\/wp-json\/wp\/v2\/types\/page"}],"author":[{"embeddable":true,"href":"https:\/\/www.granlogiaregularargentina.org\/glra\/wp-json\/wp\/v2\/users\/1"}],"replies":[{"embeddable":true,"href":"https:\/\/www.granlogiaregularargentina.org\/glra\/wp-json\/wp\/v2\/comments?post=413"}],"version-history":[{"count":8,"href":"https:\/\/www.granlogiaregularargentina.org\/glra\/wp-json\/wp\/v2\/pages\/413\/revisions"}],"predecessor-version":[{"id":907,"href":"https:\/\/www.granlogiaregularargentina.org\/glra\/wp-json\/wp\/v2\/pages\/413\/revisions\/907"}],"wp:attachment":[{"href":"https:\/\/www.granlogiaregularargentina.org\/glra\/wp-json\/wp\/v2\/media?parent=413"}],"curies":[{"name":"wp","href":"https:\/\/api.w.org\/{rel}","templated":true}]}}