{"id":693,"date":"2020-11-08T03:10:57","date_gmt":"2020-11-08T06:10:57","guid":{"rendered":"https:\/\/www.granlogiaregularargentina.org\/glra\/?page_id=693"},"modified":"2025-04-18T18:52:17","modified_gmt":"2025-04-18T21:52:17","slug":"ingresos","status":"publish","type":"page","link":"https:\/\/www.granlogiaregularargentina.org\/glra\/ingresos\/","title":{"rendered":"Ingresos y Afiliaciones"},"content":{"rendered":"\n<figure class=\"wp-block-image size-large\"><img loading=\"lazy\" decoding=\"async\" width=\"765\" height=\"776\" src=\"https:\/\/www.granlogiaregularargentina.org\/glra\/wp-content\/uploads\/2020\/11\/Screenshot_20201003-203048.png\" alt=\"\" class=\"wp-image-694\" srcset=\"https:\/\/www.granlogiaregularargentina.org\/glra\/wp-content\/uploads\/2020\/11\/Screenshot_20201003-203048.png 765w, https:\/\/www.granlogiaregularargentina.org\/glra\/wp-content\/uploads\/2020\/11\/Screenshot_20201003-203048-296x300.png 296w\" sizes=\"auto, (max-width: 765px) 100vw, 765px\" \/><\/figure>\n\n\n\n<p>REQUISITOS PARA INGRESAR A LA MASONER\u00cdA<\/p>\n\n\n\n<p>Cualquier persona que tenga intenciones de ingresar a esta augusta instituci\u00f3n debe acercarse sin ambages, subterfugios de ning\u00fan tipo, restricci\u00f3n mental o intenciones malsanas, adem\u00e1s de cumplir con los siguientes requisitos.<\/p>\n\n\n\n<p>1.- Tener m\u00ednimo 18 a\u00f1os cumplidos al momento de solicitar el ingreso.<br>2.- Ser una persona libre y de buenas costumbres, con un comportamiento social digno.<br>3.- Ganarse la vida honradamente, de tal forma que sus ingresos le permitan vivir de manera estable.<br>4.- Acudir puntualmente a las entrevistas pactadas, adem\u00e1s de cumplir con los trabajos de investigaci\u00f3n solicitados.<br>5.- No pertenecer a organizaciones que promuevan ideas discriminatorias de ning\u00fan tipo.<br>6.- Carecer de antecedentes penales.<\/p>\n\n\n\n<p>La situaci\u00f3n global actual ha ocasionado que muchas personas quieran realizar un cambio significativo en su forma de concebir el mundo, buscando escuelas inici\u00e1ticas que les ayuden a trabajar en ellos mismos, con el prop\u00f3sito de ofrecer una mejor versi\u00f3n a sus familias, amistades y sociedad. <\/p>\n\n\n\n<p>Debido a ello hemos recibido numerosos mensajes preguntando sobre los requisitos que debe cumplir una persona para ingresar a la Masoner\u00eda.<\/p>\n\n\n\n<p>Si usted tiene deseos de pertenecer a esta instituci\u00f3n o quiere conocer m\u00e1s, <\/p>\n\n\n\n<ul class=\"wp-block-list\">\n<li>LO INVITAMOS A ESCRIBIRNOS A glrargentinaorg@gmail.com o a +5491130111733<\/li>\n<\/ul>\n\n\n\n<p>Si Ud. cree cumplir con estos elementales requisitos, lo animamos a solicitar su&nbsp;<em><a rel=\"noreferrer noopener\" href=\"https:\/\/docs.google.com\/document\/d\/1T97jCiAP--4Umo4MvJ7pXJndjoTJl9RN\/edit?usp=sharing&amp;ouid=112271687215237388959&amp;rtpof=true&amp;sd=true\" target=\"_blank\">ingreso<\/a><\/em>, envi\u00e1ndonos un correo electr\u00f3nico a&nbsp;<a href=\"mailto:info@granlogiaregularargentina.org\">info@granlogiaregularargentina.org<\/a><\/p>\n\n\n\n<p>Aquellas\/os QQ:. HH:. que deseen afiliarse a nuestra Orden, deber\u00e1n llegar el siguiente formulario:\u00a0<em><a href=\"https:\/\/docs.google.com\/document\/d\/1T97jCiAP--4Umo4MvJ7pXJndjoTJl9RN\/edit?usp=sharing&amp;ouid=112271687215237388959&amp;rtpof=true&amp;sd=true\" target=\"_blank\" rel=\"noreferrer noopener\">Solicitud de Ingreso<\/a><\/em><\/p>\n\n\n\n<p><\/p>\n\n\n\n<p><\/p>\n\n\n\n<p><\/p>\n","protected":false},"excerpt":{"rendered":"<p>REQUISITOS PARA INGRESAR A LA MASONER\u00cdA Cualquier persona que tenga intenciones de ingresar a esta augusta instituci\u00f3n debe acercarse sin ambages, subterfugios de ning\u00fan tipo, restricci\u00f3n mental o intenciones malsanas, adem\u00e1s de cumplir con los siguientes requisitos. 1.- Tener m\u00ednimo 18 a\u00f1os cumplidos al momento de solicitar el ingreso.2.- Ser una persona libre y de [&hellip;]<\/p>\n","protected":false},"author":1,"featured_media":0,"parent":0,"menu_order":0,"comment_status":"closed","ping_status":"closed","template":"","meta":{"footnotes":""},"class_list":["post-693","page","type-page","status-publish","hentry"],"_links":{"self":[{"href":"https:\/\/www.granlogiaregularargentina.org\/glra\/wp-json\/wp\/v2\/pages\/693","targetHints":{"allow":["GET"]}}],"collection":[{"href":"https:\/\/www.granlogiaregularargentina.org\/glra\/wp-json\/wp\/v2\/pages"}],"about":[{"href":"https:\/\/www.granlogiaregularargentina.org\/glra\/wp-json\/wp\/v2\/types\/page"}],"author":[{"embeddable":true,"href":"https:\/\/www.granlogiaregularargentina.org\/glra\/wp-json\/wp\/v2\/users\/1"}],"replies":[{"embeddable":true,"href":"https:\/\/www.granlogiaregularargentina.org\/glra\/wp-json\/wp\/v2\/comments?post=693"}],"version-history":[{"count":6,"href":"https:\/\/www.granlogiaregularargentina.org\/glra\/wp-json\/wp\/v2\/pages\/693\/revisions"}],"predecessor-version":[{"id":1812,"href":"https:\/\/www.granlogiaregularargentina.org\/glra\/wp-json\/wp\/v2\/pages\/693\/revisions\/1812"}],"wp:attachment":[{"href":"https:\/\/www.granlogiaregularargentina.org\/glra\/wp-json\/wp\/v2\/media?parent=693"}],"curies":[{"name":"wp","href":"https:\/\/api.w.org\/{rel}","templated":true}]}}